{"id":586,"date":"2023-08-02T10:26:01","date_gmt":"2023-08-02T10:26:01","guid":{"rendered":"https:\/\/satulcalinesti.md\/?page_id=586"},"modified":"2024-08-31T10:41:07","modified_gmt":"2024-08-31T10:41:07","slug":"consultari-publice","status":"publish","type":"page","link":"https:\/\/satulcalinesti.md\/?page_id=586","title":{"rendered":"Consult\u0103ri publice"},"content":{"rendered":"\n<p><\/p>\n\n\n\n<p>30.08.32024 Consult\u0103ri publice: <a href=\"https:\/\/satulcalinesti.md\/wp-content\/uploads\/2024\/08\/202400829-Plan_GPP_APL_Calinesti-consultari.pdf\">Proiectul Planului de gestionare a patrimoniului public al UAT C\u0103line\u0219ti 2024-2028<\/a><\/p>\n\n\n\n<p>04\/12\/2023 Consult\u0103ri publice: <a href=\"https:\/\/satulcalinesti.md\/wp-content\/uploads\/2023\/12\/Calinesti-Plan_strategic_consultari.pdf\">Proiectul Strategiei de Dezvoltare Socio-Economic\u0103 a satului C\u0103line\u0219ti pentru anii 2023 \u2013 2028<\/a><\/p>\n\n\n\n<p><a href=\"https:\/\/actelocale.gov.md\/ral\/act\/downloadAct\/3209588\/1472899\" target=\"_blank\" rel=\"noreferrer noopener\">&nbsp;1 . decizie-nr10-9-din-21122023_658d7657c4d11.pdf<\/a><\/p>\n\n\n\n<p><a href=\"https:\/\/actelocale.gov.md\/ral\/act\/downloadAct\/3197315\/1468479\" target=\"_blank\" rel=\"noreferrer noopener\">&nbsp;1 . decizie-nr10-13-din-21122023_658a75b54ebd0.pdf<\/a><a href=\"https:\/\/actelocale.gov.md\/ral\/act\/downloadAct\/3197317\/1468479\" target=\"_blank\" rel=\"noreferrer noopener\">&nbsp;<\/a><\/p>\n\n\n\n<p><a href=\"https:\/\/actelocale.gov.md\/ral\/act\/downloadAct\/3197317\/1468479\" target=\"_blank\" rel=\"noreferrer noopener\">2 . plan-strategic-calinesti-final_658a75d712432.pdf<\/a><\/p>\n\n\n\n<p><\/p>\n","protected":false},"excerpt":{"rendered":"<p>30.08.32024 Consult\u0103ri publice: Proiectul Planului de gestionare a patrimoniului public al UAT C\u0103line\u0219ti 2024-2028 04\/12\/2023 Consult\u0103ri publice: Proiectul Strategiei de Dezvoltare Socio-Economic\u0103 a satului C\u0103line\u0219ti pentru anii 2023 \u2013 2028 &nbsp;1 . decizie-nr10-9-din-21122023_658d7657c4d11.pdf &nbsp;1 . decizie-nr10-13-din-21122023_658a75b54ebd0.pdf&nbsp; 2 . plan-strategic-calinesti-final_658a75d712432.pdf<\/p>\n","protected":false},"author":2,"featured_media":0,"parent":118,"menu_order":5,"comment_status":"closed","ping_status":"closed","template":"","meta":{"footnotes":""},"class_list":["post-586","page","type-page","status-publish","hentry","entry"],"_links":{"self":[{"href":"https:\/\/satulcalinesti.md\/index.php?rest_route=\/wp\/v2\/pages\/586","targetHints":{"allow":["GET"]}}],"collection":[{"href":"https:\/\/satulcalinesti.md\/index.php?rest_route=\/wp\/v2\/pages"}],"about":[{"href":"https:\/\/satulcalinesti.md\/index.php?rest_route=\/wp\/v2\/types\/page"}],"author":[{"embeddable":true,"href":"https:\/\/satulcalinesti.md\/index.php?rest_route=\/wp\/v2\/users\/2"}],"replies":[{"embeddable":true,"href":"https:\/\/satulcalinesti.md\/index.php?rest_route=%2Fwp%2Fv2%2Fcomments&post=586"}],"version-history":[{"count":9,"href":"https:\/\/satulcalinesti.md\/index.php?rest_route=\/wp\/v2\/pages\/586\/revisions"}],"predecessor-version":[{"id":2663,"href":"https:\/\/satulcalinesti.md\/index.php?rest_route=\/wp\/v2\/pages\/586\/revisions\/2663"}],"up":[{"embeddable":true,"href":"https:\/\/satulcalinesti.md\/index.php?rest_route=\/wp\/v2\/pages\/118"}],"wp:attachment":[{"href":"https:\/\/satulcalinesti.md\/index.php?rest_route=%2Fwp%2Fv2%2Fmedia&parent=586"}],"curies":[{"name":"wp","href":"https:\/\/api.w.org\/{rel}","templated":true}]}}