{"id":569,"date":"2023-08-02T07:24:15","date_gmt":"2023-08-02T07:24:15","guid":{"rendered":"https:\/\/satulcalinesti.md\/?page_id=569"},"modified":"2024-02-07T12:48:51","modified_gmt":"2024-02-07T12:48:51","slug":"comisii-de-specialitate","status":"publish","type":"page","link":"https:\/\/satulcalinesti.md\/?page_id=569","title":{"rendered":"Comisii de specialitate"},"content":{"rendered":"\n<p>Comisii de specialitate<\/p>\n\n\n\n<p><strong>Finan\u0163e \u015fi Buget<\/strong><\/p>\n\n\n\n<p>Magd\u00eel Rodica,  pre\u015fedinte<\/p>\n\n\n\n<p>Suvac Aliona,  membru<\/p>\n\n\n\n<p>Burlacu Vasile, membru<\/p>\n\n\n\n<p>Negoi\u0163a Alexandra, secretar<\/p>\n\n\n\n<p>P\u0103dure Svetlana, membru<\/p>\n\n\n\n<p><strong>Activit\u0103\u0163i social culturale, \u00eenv\u0103\u0163\u0103m\u00e2nt, s\u0103n\u0103tate public\u0103,protec\u0163ie social\u0103, cultur\u0103, tineret \u015fi sport<\/strong><\/p>\n\n\n\n<p>Pascaru Raisa, pre\u015fedinte<\/p>\n\n\n\n<p>Munteanu Daria ,  secretar<\/p>\n\n\n\n<p>T\u0103l\u0103mbu\u0163\u0103 Lucia, membru<\/p>\n\n\n\n<p><\/p>\n\n\n\n<p><strong>Agricultur\u0103, ecologie,s\u0103nit\u0103rie, protec\u0163ia mediului, amenajarea \u015fi salubrizarea teritoriului<\/strong><\/p>\n\n\n\n<p>Pantea Valentin, pre\u015fedinte<\/p>\n\n\n\n<p>Curtescu Eduard, secretar<\/p>\n\n\n\n<p>Gherman Vasile, membru<\/p>\n\n\n\n<p><\/p>\n\n\n\n<p><\/p>\n","protected":false},"excerpt":{"rendered":"<p>Comisii de specialitate Finan\u0163e \u015fi Buget Magd\u00eel Rodica, pre\u015fedinte Suvac Aliona, membru Burlacu Vasile, membru Negoi\u0163a Alexandra, secretar P\u0103dure Svetlana, membru Activit\u0103\u0163i social culturale, \u00eenv\u0103\u0163\u0103m\u00e2nt, s\u0103n\u0103tate public\u0103,protec\u0163ie social\u0103, cultur\u0103, tineret \u015fi sport Pascaru Raisa, pre\u015fedinte Munteanu Daria , secretar T\u0103l\u0103mbu\u0163\u0103 Lucia, membru Agricultur\u0103, ecologie,s\u0103nit\u0103rie, protec\u0163ia mediului, amenajarea \u015fi salubrizarea teritoriului Pantea Valentin, pre\u015fedinte Curtescu Eduard, [&hellip;]<\/p>\n","protected":false},"author":2,"featured_media":0,"parent":118,"menu_order":1,"comment_status":"closed","ping_status":"closed","template":"","meta":{"footnotes":""},"class_list":["post-569","page","type-page","status-publish","hentry","entry"],"_links":{"self":[{"href":"https:\/\/satulcalinesti.md\/index.php?rest_route=\/wp\/v2\/pages\/569","targetHints":{"allow":["GET"]}}],"collection":[{"href":"https:\/\/satulcalinesti.md\/index.php?rest_route=\/wp\/v2\/pages"}],"about":[{"href":"https:\/\/satulcalinesti.md\/index.php?rest_route=\/wp\/v2\/types\/page"}],"author":[{"embeddable":true,"href":"https:\/\/satulcalinesti.md\/index.php?rest_route=\/wp\/v2\/users\/2"}],"replies":[{"embeddable":true,"href":"https:\/\/satulcalinesti.md\/index.php?rest_route=%2Fwp%2Fv2%2Fcomments&post=569"}],"version-history":[{"count":5,"href":"https:\/\/satulcalinesti.md\/index.php?rest_route=\/wp\/v2\/pages\/569\/revisions"}],"predecessor-version":[{"id":1667,"href":"https:\/\/satulcalinesti.md\/index.php?rest_route=\/wp\/v2\/pages\/569\/revisions\/1667"}],"up":[{"embeddable":true,"href":"https:\/\/satulcalinesti.md\/index.php?rest_route=\/wp\/v2\/pages\/118"}],"wp:attachment":[{"href":"https:\/\/satulcalinesti.md\/index.php?rest_route=%2Fwp%2Fv2%2Fmedia&parent=569"}],"curies":[{"name":"wp","href":"https:\/\/api.w.org\/{rel}","templated":true}]}}