{"id":558,"date":"2023-08-02T07:12:22","date_gmt":"2023-08-02T07:12:22","guid":{"rendered":"https:\/\/satulcalinesti.md\/?page_id=558"},"modified":"2024-10-28T08:51:15","modified_gmt":"2024-10-28T08:51:15","slug":"planuri-si-strategii-locale","status":"publish","type":"page","link":"https:\/\/satulcalinesti.md\/?page_id=558","title":{"rendered":"Documente strategice"},"content":{"rendered":"\n<div class=\"wp-block-file\"><a id=\"wp-block-file--media-d9c6b8d2-29c6-4b8c-801d-36ca30141534\" href=\"https:\/\/satulcalinesti.md\/wp-content\/uploads\/2024\/05\/Plan-strategic-Calinesti-2023-2028.pdf\" target=\"_blank\" rel=\"noreferrer noopener\">Plan-strategic-Calinesti-2023-2028<\/a><a href=\"https:\/\/satulcalinesti.md\/wp-content\/uploads\/2024\/05\/Plan-strategic-Calinesti-2023-2028.pdf\" class=\"wp-block-file__button wp-element-button\" download aria-describedby=\"wp-block-file--media-d9c6b8d2-29c6-4b8c-801d-36ca30141534\">Descarc\u0103<\/a><\/div>\n\n\n\n<p><a href=\"https:\/\/actelocale.gov.md\/ral\/act\/cu-privire-la-aprobarea-strategiei-de-dezvoltare-socio-economic%C4%83-a-satului-c%C4%83line%C5%9Fti-pentru-anii-2023-2028-1468479.html\" target=\"_blank\" rel=\"noreferrer noopener\">Decizie 10-13 din 21.12.2023<\/a> Cu privire la aprobarea Strategiei de dezvoltare socio economic\u0103 a satului C\u0103line\u015fti pentru anii 2023-2028.<\/p>\n\n\n\n<p>Strategia a fost elaborat\u0103 cu suportul <a href=\"https:\/\/www.facebook.com\/ProgramulComunitateaMea\" target=\"_blank\" rel=\"noreferrer noopener\">Programului Comunitatea Mea<\/a> implementat de IREX Moldova \u0219i finan\u021bat de USAID Moldova<\/p>\n\n\n\n<div class=\"wp-block-file\"><a id=\"wp-block-file--media-3371a38b-155c-4cdc-9e1f-9b1157eb7a35\" href=\"https:\/\/satulcalinesti.md\/wp-content\/uploads\/2024\/05\/Strategia-Sociala-2023-2027.pdf\" target=\"_blank\" rel=\"noreferrer noopener\">Strategia de dezvoltare a comunit\u0103\u0163ii prietenoase v\u00eerstei \u00een satul C\u0103line\u015fti \u00een perioada 2023-2027<\/a><a href=\"https:\/\/satulcalinesti.md\/wp-content\/uploads\/2024\/05\/Strategia-Sociala-2023-2027.pdf\" class=\"wp-block-file__button wp-element-button\" download aria-describedby=\"wp-block-file--media-3371a38b-155c-4cdc-9e1f-9b1157eb7a35\">Descarc\u0103<\/a><\/div>\n\n\n\n<p><a href=\"https:\/\/actelocale.gov.md\/ral\/act\/cu-privire-la-aprobarea-strategieie-de-dezvoltare-a-comunit%C4%83%C5%A3ii-prietenoase-v%C3%AErstei-%C3%AEn-satul-c%C4%83line%C5%9Fti-%C3%AEn-perioada-2023-2027-1556183.html\" target=\"_blank\" rel=\"noreferrer noopener\">Decizie 3-10 din 29.03.2024<\/a> Cu privire la aprobarea Strategiei de dezvoltare a comunit\u0103\u0163ii prietenoase v\u00eerstei \u00een satul C\u0103line\u015fti \u00een perioada 2023-2027.<\/p>\n\n\n\n<p>Strategia a fost elaborat\u0103 cu suportul <a href=\"https:\/\/www.facebook.com\/casmed.md\" target=\"_blank\" rel=\"noreferrer noopener\">AO CASMED<\/a> \u00een cadrul proiectului \u201d\u00cemb\u0103tr\u00eenire \u0219i s\u0103n\u0103tate\u201d<\/p>\n\n\n\n<p>Planul de Gestionare a Patrimoniului Public UAT C\u0103line\u015fti (2024-2028)<\/p>\n\n\n\n<div data-wp-interactive=\"core\/file\" class=\"wp-block-file\"><object data-wp-bind--hidden=\"!state.hasPdfPreview\" hidden class=\"wp-block-file__embed\" data=\"https:\/\/satulcalinesti.md\/wp-content\/uploads\/2024\/10\/Plan_GPP_APL_Calinesti-aprobat.pdf\" type=\"application\/pdf\" style=\"width:100%;height:600px\" aria-label=\"\u00cenglobare pentru Plan_GPP_APL_Calinesti aprobat prin Decizia nr.9-2 din 16.10.2024.\"><\/object><a id=\"wp-block-file--media-9ac30daa-2781-46d8-92a7-01d1f401773c\" href=\"https:\/\/satulcalinesti.md\/wp-content\/uploads\/2024\/10\/Plan_GPP_APL_Calinesti-aprobat.pdf\" target=\"_blank\" rel=\"noreferrer noopener\">Plan_GPP_APL_Calinesti aprobat prin Decizia nr.9-2 din 16.10.2024<\/a><\/div>\n\n\n\n<p>Planul a fost elaborat cu suportul <a href=\"https:\/\/www.facebook.com\/ProgramulComunitateaMea\" target=\"_blank\" rel=\"noreferrer noopener\">Programului Comunitatea Mea<\/a> implementat de IREX Moldova \u0219i finan\u021bat de USAID Moldova<\/p>\n\n\n\n<p><\/p>\n","protected":false},"excerpt":{"rendered":"<p>Decizie 10-13 din 21.12.2023 Cu privire la aprobarea Strategiei de dezvoltare socio economic\u0103 a satului C\u0103line\u015fti pentru anii 2023-2028. Strategia a fost elaborat\u0103 cu suportul Programului Comunitatea Mea implementat de IREX Moldova \u0219i finan\u021bat de USAID Moldova Decizie 3-10 din 29.03.2024 Cu privire la aprobarea Strategiei de dezvoltare a comunit\u0103\u0163ii prietenoase v\u00eerstei \u00een satul C\u0103line\u015fti [&hellip;]<\/p>\n","protected":false},"author":2,"featured_media":0,"parent":98,"menu_order":5,"comment_status":"closed","ping_status":"closed","template":"","meta":{"footnotes":""},"class_list":["post-558","page","type-page","status-publish","hentry","entry"],"_links":{"self":[{"href":"https:\/\/satulcalinesti.md\/index.php?rest_route=\/wp\/v2\/pages\/558","targetHints":{"allow":["GET"]}}],"collection":[{"href":"https:\/\/satulcalinesti.md\/index.php?rest_route=\/wp\/v2\/pages"}],"about":[{"href":"https:\/\/satulcalinesti.md\/index.php?rest_route=\/wp\/v2\/types\/page"}],"author":[{"embeddable":true,"href":"https:\/\/satulcalinesti.md\/index.php?rest_route=\/wp\/v2\/users\/2"}],"replies":[{"embeddable":true,"href":"https:\/\/satulcalinesti.md\/index.php?rest_route=%2Fwp%2Fv2%2Fcomments&post=558"}],"version-history":[{"count":25,"href":"https:\/\/satulcalinesti.md\/index.php?rest_route=\/wp\/v2\/pages\/558\/revisions"}],"predecessor-version":[{"id":2721,"href":"https:\/\/satulcalinesti.md\/index.php?rest_route=\/wp\/v2\/pages\/558\/revisions\/2721"}],"up":[{"embeddable":true,"href":"https:\/\/satulcalinesti.md\/index.php?rest_route=\/wp\/v2\/pages\/98"}],"wp:attachment":[{"href":"https:\/\/satulcalinesti.md\/index.php?rest_route=%2Fwp%2Fv2%2Fmedia&parent=558"}],"curies":[{"name":"wp","href":"https:\/\/api.w.org\/{rel}","templated":true}]}}