{"id":554,"date":"2023-08-02T07:09:48","date_gmt":"2023-08-02T07:09:48","guid":{"rendered":"https:\/\/satulcalinesti.md\/?page_id=554"},"modified":"2024-08-02T08:37:39","modified_gmt":"2024-08-02T08:37:39","slug":"regulamente-interne","status":"publish","type":"page","link":"https:\/\/satulcalinesti.md\/?page_id=554","title":{"rendered":"Regulamente interne"},"content":{"rendered":"\n<p>Decizie 10-19 din 21.12.2023 <strong>Cu privire la aprobarea Regulamentului cu privire la \u00eenregistrarea \u015fi eviden\u0163a vehiculelor cu trac\u0163iune animal\u0103<\/strong><\/p>\n\n\n\n<p>Decizie 10-12 din 21.12.2023 Cu privire la aprobarea <strong>Regulamentului privind constituirea fondului de rezerv\u0103 al prim\u0103riei C\u0103line\u015fti \u015fi utilizarea mijloacelor acestuia<\/strong><\/p>\n\n\n\n<div class=\"wp-block-file\"><a id=\"wp-block-file--media-e5166fdc-42eb-45bc-be1f-40f9eb758aaa\" href=\"https:\/\/satulcalinesti.md\/wp-content\/uploads\/2024\/05\/2.REGULAMENT-FORMARE-PROFESIONALAnou-1.pdf\" target=\"_blank\" rel=\"noreferrer noopener\">2.REGULAMENT-FORMARE-PROFESIONALAnou-1<\/a><a href=\"https:\/\/satulcalinesti.md\/wp-content\/uploads\/2024\/05\/2.REGULAMENT-FORMARE-PROFESIONALAnou-1.pdf\" class=\"wp-block-file__button wp-element-button\" download aria-describedby=\"wp-block-file--media-e5166fdc-42eb-45bc-be1f-40f9eb758aaa\">Descarc\u0103<\/a><\/div>\n\n\n\n<div class=\"wp-block-file\"><a id=\"wp-block-file--media-de23853a-9aab-44e7-9e44-80da05626a52\" href=\"https:\/\/satulcalinesti.md\/wp-content\/uploads\/2024\/05\/4.regulament-comert.pdf\" target=\"_blank\" rel=\"noreferrer noopener\">4.regulament-comert<\/a><a href=\"https:\/\/satulcalinesti.md\/wp-content\/uploads\/2024\/05\/4.regulament-comert.pdf\" class=\"wp-block-file__button wp-element-button\" download aria-describedby=\"wp-block-file--media-de23853a-9aab-44e7-9e44-80da05626a52\">Descarc\u0103<\/a><\/div>\n\n\n\n<div class=\"wp-block-file\"><a id=\"wp-block-file--media-b8680cd1-8933-4c7e-958a-252a3d9ea2bc\" href=\"https:\/\/satulcalinesti.md\/wp-content\/uploads\/2024\/05\/5.Regulament-cu-privire-la-asigurarea-transparentei-decizionalenou.pdf\" target=\"_blank\" rel=\"noreferrer noopener\">5.Regulament-cu-privire-la-asigurarea-transparentei-decizionalenou<\/a><a href=\"https:\/\/satulcalinesti.md\/wp-content\/uploads\/2024\/05\/5.Regulament-cu-privire-la-asigurarea-transparentei-decizionalenou.pdf\" class=\"wp-block-file__button wp-element-button\" download aria-describedby=\"wp-block-file--media-b8680cd1-8933-4c7e-958a-252a3d9ea2bc\">Descarc\u0103<\/a><\/div>\n\n\n\n<div class=\"wp-block-file\"><a id=\"wp-block-file--media-310f2b99-7f79-429b-bd58-f0887c15e28c\" href=\"https:\/\/satulcalinesti.md\/wp-content\/uploads\/2024\/05\/Regulament-control-intern-1.pdf\" target=\"_blank\" rel=\"noreferrer noopener\">Regulament-control-intern-1<\/a><a href=\"https:\/\/satulcalinesti.md\/wp-content\/uploads\/2024\/05\/Regulament-control-intern-1.pdf\" class=\"wp-block-file__button wp-element-button\" download aria-describedby=\"wp-block-file--media-310f2b99-7f79-429b-bd58-f0887c15e28c\">Descarc\u0103<\/a><\/div>\n\n\n\n<div class=\"wp-block-file\"><a id=\"wp-block-file--media-31238504-427b-4bb3-a7ac-05c4e2accaa3\" href=\"https:\/\/satulcalinesti.md\/wp-content\/uploads\/2024\/05\/Regulamentul-privind-gestionarea-si-protejarea-spatiilor-verzi-din-satul-Calinesti.pdf\" target=\"_blank\" rel=\"noreferrer noopener\">Regulamentul-privind-gestionarea-si-protejarea-spatiilor-verzi-din-satul-Calinesti<\/a><a href=\"https:\/\/satulcalinesti.md\/wp-content\/uploads\/2024\/05\/Regulamentul-privind-gestionarea-si-protejarea-spatiilor-verzi-din-satul-Calinesti.pdf\" class=\"wp-block-file__button wp-element-button\" download aria-describedby=\"wp-block-file--media-31238504-427b-4bb3-a7ac-05c4e2accaa3\">Descarc\u0103<\/a><\/div>\n\n\n\n<div class=\"wp-block-file\"><a id=\"wp-block-file--media-440f2816-909f-40c0-a0f1-e89c83a9d1ae\" href=\"https:\/\/satulcalinesti.md\/wp-content\/uploads\/2024\/05\/Regulament-arhivarea-documentelorprimariei-Calinesti.pdf\" target=\"_blank\" rel=\"noreferrer noopener\">Regulament-arhivarea-documentelorprimariei-Calinesti<\/a><a href=\"https:\/\/satulcalinesti.md\/wp-content\/uploads\/2024\/05\/Regulament-arhivarea-documentelorprimariei-Calinesti.pdf\" class=\"wp-block-file__button wp-element-button\" download aria-describedby=\"wp-block-file--media-440f2816-909f-40c0-a0f1-e89c83a9d1ae\">Descarc\u0103<\/a><\/div>\n\n\n\n<div class=\"wp-block-file\"><a id=\"wp-block-file--media-81ffe004-f979-469b-bff4-d1fc341d9174\" href=\"https:\/\/satulcalinesti.md\/wp-content\/uploads\/2024\/05\/7.REGULAMENTUL-Petitii.pdf\" target=\"_blank\" rel=\"noreferrer noopener\">7.REGULAMENTUL-Petitii<\/a><a href=\"https:\/\/satulcalinesti.md\/wp-content\/uploads\/2024\/05\/7.REGULAMENTUL-Petitii.pdf\" class=\"wp-block-file__button wp-element-button\" download aria-describedby=\"wp-block-file--media-81ffe004-f979-469b-bff4-d1fc341d9174\">Descarc\u0103<\/a><\/div>\n\n\n\n<div class=\"wp-block-file\"><a id=\"wp-block-file--media-4a617099-cdc6-4033-ad21-c15246870277\" href=\"https:\/\/satulcalinesti.md\/wp-content\/uploads\/2024\/05\/Codul-de-etica-si-disciplina.pdf\" target=\"_blank\" rel=\"noreferrer noopener\">Codul-de-etica-si-disciplina<\/a><a href=\"https:\/\/satulcalinesti.md\/wp-content\/uploads\/2024\/05\/Codul-de-etica-si-disciplina.pdf\" class=\"wp-block-file__button wp-element-button\" download aria-describedby=\"wp-block-file--media-4a617099-cdc6-4033-ad21-c15246870277\">Descarc\u0103<\/a><\/div>\n\n\n\n<div class=\"wp-block-file\"><a id=\"wp-block-file--media-b5dd239a-0a56-41ea-9dff-058f6b32f402\" href=\"https:\/\/satulcalinesti.md\/wp-content\/uploads\/2024\/05\/Regulament-regimul-juridic-al-cadourilor.pdf\" target=\"_blank\" rel=\"noreferrer noopener\">Regulament-regimul-juridic-al-cadourilor<\/a><a href=\"https:\/\/satulcalinesti.md\/wp-content\/uploads\/2024\/05\/Regulament-regimul-juridic-al-cadourilor.pdf\" class=\"wp-block-file__button wp-element-button\" download aria-describedby=\"wp-block-file--media-b5dd239a-0a56-41ea-9dff-058f6b32f402\">Descarc\u0103<\/a><\/div>\n\n\n\n<div class=\"wp-block-file\"><a id=\"wp-block-file--media-f97f101b-570a-4e67-b7db-74c6e2853d8f\" href=\"https:\/\/satulcalinesti.md\/wp-content\/uploads\/2024\/05\/1.Regulament-APL-ILuminat-stradal.pdf\" target=\"_blank\" rel=\"noreferrer noopener\">1.Regulament-APL-ILuminat-stradal<\/a><a href=\"https:\/\/satulcalinesti.md\/wp-content\/uploads\/2024\/05\/1.Regulament-APL-ILuminat-stradal.pdf\" class=\"wp-block-file__button wp-element-button\" download aria-describedby=\"wp-block-file--media-f97f101b-570a-4e67-b7db-74c6e2853d8f\">Descarc\u0103<\/a><\/div>\n\n\n\n<div class=\"wp-block-file\"><a id=\"wp-block-file--media-ad3e51d3-7fad-44f2-b9f9-93183c2e6ccf\" href=\"https:\/\/satulcalinesti.md\/wp-content\/uploads\/2024\/05\/POLITICA-ANTIFRAUDA-SI-ANTICORUPTIE-A-PRIMARIEI-SATULUI-CALINESTI.pdf\" target=\"_blank\" rel=\"noreferrer noopener\">POLITICA-ANTIFRAUDA-SI-ANTICORUPTIE-A-PRIMARIEI-SATULUI-CALINESTI<\/a><a href=\"https:\/\/satulcalinesti.md\/wp-content\/uploads\/2024\/05\/POLITICA-ANTIFRAUDA-SI-ANTICORUPTIE-A-PRIMARIEI-SATULUI-CALINESTI.pdf\" class=\"wp-block-file__button wp-element-button\" download aria-describedby=\"wp-block-file--media-ad3e51d3-7fad-44f2-b9f9-93183c2e6ccf\">Descarc\u0103<\/a><\/div>\n\n\n\n<div class=\"wp-block-file\"><a id=\"wp-block-file--media-6d7a984c-7292-4575-b690-f804b51b1fbf\" href=\"https:\/\/satulcalinesti.md\/wp-content\/uploads\/2024\/05\/Regulamentul-privind-bugetarea-participativa-in-satul-Calinesti.pdf\" target=\"_blank\" rel=\"noreferrer noopener\">Regulamentul-privind-bugetarea-participativa-in-satul-Calinesti<\/a><a href=\"https:\/\/satulcalinesti.md\/wp-content\/uploads\/2024\/05\/Regulamentul-privind-bugetarea-participativa-in-satul-Calinesti.pdf\" class=\"wp-block-file__button wp-element-button\" download aria-describedby=\"wp-block-file--media-6d7a984c-7292-4575-b690-f804b51b1fbf\">Descarc\u0103<\/a><\/div>\n\n\n\n<div class=\"wp-block-file\"><a id=\"wp-block-file--media-70752de3-0e3c-480d-8811-38bfad7df4f4\" href=\"https:\/\/satulcalinesti.md\/wp-content\/uploads\/2024\/05\/Regulament-cimitire.pdf\" target=\"_blank\" rel=\"noreferrer noopener\">Regulament-cimitire<\/a><a href=\"https:\/\/satulcalinesti.md\/wp-content\/uploads\/2024\/05\/Regulament-cimitire.pdf\" class=\"wp-block-file__button wp-element-button\" download aria-describedby=\"wp-block-file--media-70752de3-0e3c-480d-8811-38bfad7df4f4\">Descarc\u0103<\/a><\/div>\n\n\n\n<div class=\"wp-block-file\"><a id=\"wp-block-file--media-0faaa6ea-75c0-473e-9eae-9eb026b9d856\" href=\"https:\/\/satulcalinesti.md\/wp-content\/uploads\/2024\/05\/Regulament-cetatean-de-onoare.pdf\" target=\"_blank\" rel=\"noreferrer noopener\">Regulament-cetatean-de-onoare<\/a><a href=\"https:\/\/satulcalinesti.md\/wp-content\/uploads\/2024\/05\/Regulament-cetatean-de-onoare.pdf\" class=\"wp-block-file__button wp-element-button\" download aria-describedby=\"wp-block-file--media-0faaa6ea-75c0-473e-9eae-9eb026b9d856\">Descarc\u0103<\/a><\/div>\n\n\n\n<div class=\"wp-block-file\"><a id=\"wp-block-file--media-20a3a01c-4d99-475e-b728-490567220462\" href=\"https:\/\/satulcalinesti.md\/wp-content\/uploads\/2024\/05\/regulament-de-constituire-si-functionare-a-cs-1.pdf\" target=\"_blank\" rel=\"noreferrer noopener\">regulament-de-constituire-si-functionare-a-cs<\/a><a href=\"https:\/\/satulcalinesti.md\/wp-content\/uploads\/2024\/05\/regulament-de-constituire-si-functionare-a-cs-1.pdf\" class=\"wp-block-file__button wp-element-button\" download aria-describedby=\"wp-block-file--media-20a3a01c-4d99-475e-b728-490567220462\">Descarc\u0103<\/a><\/div>\n\n\n\n<div class=\"wp-block-file\"><a id=\"wp-block-file--media-52fdf0f7-74ca-49e7-b6f1-176a7d64057a\" href=\"https:\/\/satulcalinesti.md\/wp-content\/uploads\/2024\/05\/statutul-satului-calinesti.pdf\" target=\"_blank\" rel=\"noreferrer noopener\">statutul-satului-calinesti<\/a><a href=\"https:\/\/satulcalinesti.md\/wp-content\/uploads\/2024\/05\/statutul-satului-calinesti.pdf\" class=\"wp-block-file__button wp-element-button\" download aria-describedby=\"wp-block-file--media-52fdf0f7-74ca-49e7-b6f1-176a7d64057a\">Descarc\u0103<\/a><\/div>\n\n\n\n<div class=\"wp-block-file\"><a id=\"wp-block-file--media-2fcfd20a-de3d-49d0-8115-8d234c4007f8\" href=\"https:\/\/satulcalinesti.md\/wp-content\/uploads\/2024\/05\/Regulament-cu-privire-la-organizarea-activitatii-mediatorului-comunitar.pdf\" target=\"_blank\" rel=\"noreferrer noopener\">Regulament-cu-privire-la-organizarea-activitatii-mediatorului-comunitar<\/a><a href=\"https:\/\/satulcalinesti.md\/wp-content\/uploads\/2024\/05\/Regulament-cu-privire-la-organizarea-activitatii-mediatorului-comunitar.pdf\" class=\"wp-block-file__button wp-element-button\" download aria-describedby=\"wp-block-file--media-2fcfd20a-de3d-49d0-8115-8d234c4007f8\">Descarc\u0103<\/a><\/div>\n\n\n\n<div class=\"wp-block-file\"><a id=\"wp-block-file--media-5f552227-daa5-44b7-8bc1-6d9e4ebf1d2b\" href=\"https:\/\/satulcalinesti.md\/wp-content\/uploads\/2024\/05\/Regulament-salubrizarea-teritoriului.pdf\" target=\"_blank\" rel=\"noreferrer noopener\">Regulament-salubrizarea-teritoriului<\/a><a href=\"https:\/\/satulcalinesti.md\/wp-content\/uploads\/2024\/05\/Regulament-salubrizarea-teritoriului.pdf\" class=\"wp-block-file__button wp-element-button\" download aria-describedby=\"wp-block-file--media-5f552227-daa5-44b7-8bc1-6d9e4ebf1d2b\">Descarc\u0103<\/a><\/div>\n\n\n\n<div class=\"wp-block-file\"><a id=\"wp-block-file--media-51ca2702-164b-4a82-8877-9d8ff0e89a31\" href=\"https:\/\/satulcalinesti.md\/wp-content\/uploads\/2024\/05\/Regulamentul-privind-comunicarea-interna-si-externa-a-primariei.pdf\" target=\"_blank\" rel=\"noreferrer noopener\">Regulamentul-privind-comunicarea-interna-si-externa-a-primariei<\/a><a href=\"https:\/\/satulcalinesti.md\/wp-content\/uploads\/2024\/05\/Regulamentul-privind-comunicarea-interna-si-externa-a-primariei.pdf\" class=\"wp-block-file__button wp-element-button\" download aria-describedby=\"wp-block-file--media-51ca2702-164b-4a82-8877-9d8ff0e89a31\">Descarc\u0103<\/a><\/div>\n\n\n\n<div class=\"wp-block-file\"><a id=\"wp-block-file--media-3514ebdb-da51-4a57-8310-352bc41da7d1\" href=\"https:\/\/satulcalinesti.md\/wp-content\/uploads\/2024\/05\/Regulament-taxele-locale.pdf\" target=\"_blank\" rel=\"noreferrer noopener\">Regulament-taxele-locale<\/a><a href=\"https:\/\/satulcalinesti.md\/wp-content\/uploads\/2024\/05\/Regulament-taxele-locale.pdf\" class=\"wp-block-file__button wp-element-button\" download aria-describedby=\"wp-block-file--media-3514ebdb-da51-4a57-8310-352bc41da7d1\">Descarc\u0103<\/a><\/div>\n\n\n\n<div class=\"wp-block-file\"><a id=\"wp-block-file--media-0d8b8d68-6020-4357-8e9b-1774c4de3156\" href=\"https:\/\/satulcalinesti.md\/wp-content\/uploads\/2024\/05\/Regulament-cu-privire-la-organizarea-activitatii-mediatorului-comunitar-1.pdf\" target=\"_blank\" rel=\"noreferrer noopener\">Regulament-cu-privire-la-organizarea-activitatii-mediatorului-comunitar-1<\/a><a href=\"https:\/\/satulcalinesti.md\/wp-content\/uploads\/2024\/05\/Regulament-cu-privire-la-organizarea-activitatii-mediatorului-comunitar-1.pdf\" class=\"wp-block-file__button wp-element-button\" download aria-describedby=\"wp-block-file--media-0d8b8d68-6020-4357-8e9b-1774c4de3156\">Descarc\u0103<\/a><\/div>\n\n\n\n<div class=\"wp-block-file\"><a id=\"wp-block-file--media-4116cd18-549d-4a4c-8b8b-f14f4997ff53\" href=\"https:\/\/satulcalinesti.md\/wp-content\/uploads\/2024\/05\/Regulile-de-asigurare-si-intretinere-a-ciinlori-pisicilor.pdf\" target=\"_blank\" rel=\"noreferrer noopener\">Regulile-de-asigurare-si-intretinere-a-ciinlori-pisicilor<\/a><a href=\"https:\/\/satulcalinesti.md\/wp-content\/uploads\/2024\/05\/Regulile-de-asigurare-si-intretinere-a-ciinlori-pisicilor.pdf\" class=\"wp-block-file__button wp-element-button\" download aria-describedby=\"wp-block-file--media-4116cd18-549d-4a4c-8b8b-f14f4997ff53\">Descarc\u0103<\/a><\/div>\n\n\n\n<div class=\"wp-block-file\"><a id=\"wp-block-file--media-cdfe78a0-a0cc-42e0-b1a8-a6051abcffd8\" href=\"https:\/\/satulcalinesti.md\/wp-content\/uploads\/2024\/07\/Regulament-functionarea-comisiei-administrative_2024-1.pdf\" target=\"_blank\" rel=\"noreferrer noopener\">Regulament-functionarea-comisiei-administrative_2024-1<\/a><\/div>\n\n\n\n<div class=\"wp-block-file\"><a id=\"wp-block-file--media-73b82990-e10f-43cb-a8d1-4f08e66bf488\" href=\"https:\/\/satulcalinesti.md\/wp-content\/uploads\/2024\/07\/Regulament-constatare-contraventie_2024-1.pdf\" target=\"_blank\" rel=\"noreferrer noopener\">Regulament-constatare-contraventie_2024-1<\/a><\/div>\n","protected":false},"excerpt":{"rendered":"<p>Decizie 10-19 din 21.12.2023 Cu privire la aprobarea Regulamentului cu privire la \u00eenregistrarea \u015fi eviden\u0163a vehiculelor cu trac\u0163iune animal\u0103 Decizie 10-12 din 21.12.2023 Cu privire la aprobarea Regulamentului privind constituirea fondului de rezerv\u0103 al prim\u0103riei C\u0103line\u015fti \u015fi utilizarea mijloacelor acestuia<\/p>\n","protected":false},"author":2,"featured_media":0,"parent":98,"menu_order":3,"comment_status":"closed","ping_status":"closed","template":"","meta":{"footnotes":""},"class_list":["post-554","page","type-page","status-publish","hentry","entry"],"_links":{"self":[{"href":"https:\/\/satulcalinesti.md\/index.php?rest_route=\/wp\/v2\/pages\/554","targetHints":{"allow":["GET"]}}],"collection":[{"href":"https:\/\/satulcalinesti.md\/index.php?rest_route=\/wp\/v2\/pages"}],"about":[{"href":"https:\/\/satulcalinesti.md\/index.php?rest_route=\/wp\/v2\/types\/page"}],"author":[{"embeddable":true,"href":"https:\/\/satulcalinesti.md\/index.php?rest_route=\/wp\/v2\/users\/2"}],"replies":[{"embeddable":true,"href":"https:\/\/satulcalinesti.md\/index.php?rest_route=%2Fwp%2Fv2%2Fcomments&post=554"}],"version-history":[{"count":42,"href":"https:\/\/satulcalinesti.md\/index.php?rest_route=\/wp\/v2\/pages\/554\/revisions"}],"predecessor-version":[{"id":2621,"href":"https:\/\/satulcalinesti.md\/index.php?rest_route=\/wp\/v2\/pages\/554\/revisions\/2621"}],"up":[{"embeddable":true,"href":"https:\/\/satulcalinesti.md\/index.php?rest_route=\/wp\/v2\/pages\/98"}],"wp:attachment":[{"href":"https:\/\/satulcalinesti.md\/index.php?rest_route=%2Fwp%2Fv2%2Fmedia&parent=554"}],"curies":[{"name":"wp","href":"https:\/\/api.w.org\/{rel}","templated":true}]}}