{"id":2645,"date":"2024-08-16T12:15:15","date_gmt":"2024-08-16T12:15:15","guid":{"rendered":"https:\/\/satulcalinesti.md\/?page_id=2645"},"modified":"2024-08-16T12:15:31","modified_gmt":"2024-08-16T12:15:31","slug":"bugetul-executat-pentru-i-semestru-2024","status":"publish","type":"page","link":"https:\/\/satulcalinesti.md\/?page_id=2645","title":{"rendered":"Bugetul Executat pentru I semestru 2024"},"content":{"rendered":"\n<p>Stima\u0163i cet\u0103\u0163eni ai satului C\u0103line\u015fti, v\u0103 aducem la cuno\u015ftin\u0163a Dumneavoast\u0103 executarea bugetului local pentru 6 luni ale anului 2024.<\/p>\n\n\n\n<p>Dac\u0103 ave\u0163i \u00eentreb\u0103ri, V\u0103 rog s\u0103 le adresa\u0163i \u00een comentarii ori la num\u0103rul de telefon: 025961336.<\/p>\n\n\n\n<p>Primar, <a href=\"https:\/\/www.facebook.com\/ala.procopciuc.5?__cft__[0]=AZVjyef8XV1Vfe2fMb6rIfmM2HUvEtTI6ZofsH4085sO-QH7adUjTWhfbsrKDR4IG1UZXu9Fj-E05HWPAECqhcou-07bgEX0m7MNyTlYlRcCpaxetI6aVAG9oAcoVeBJxjk1R9KofuDRprGAo8jVHat0&amp;__tn__=-]K-R\">Ala Procopciuc<\/a><\/p>\n\n\n\n<p>Mul\u021bumesc mult partenerilor pentru suportul acordat <a href=\"https:\/\/www.facebook.com\/ProgramulComunitateaMea?__cft__[0]=AZVjyef8XV1Vfe2fMb6rIfmM2HUvEtTI6ZofsH4085sO-QH7adUjTWhfbsrKDR4IG1UZXu9Fj-E05HWPAECqhcou-07bgEX0m7MNyTlYlRcCpaxetI6aVAG9oAcoVeBJxjk1R9KofuDRprGAo8jVHat0&amp;__tn__=-]K-R\">Programul Comunitatea Mea<\/a>, <a href=\"https:\/\/www.facebook.com\/USAIDMoldova?__cft__[0]=AZVjyef8XV1Vfe2fMb6rIfmM2HUvEtTI6ZofsH4085sO-QH7adUjTWhfbsrKDR4IG1UZXu9Fj-E05HWPAECqhcou-07bgEX0m7MNyTlYlRcCpaxetI6aVAG9oAcoVeBJxjk1R9KofuDRprGAo8jVHat0&amp;__tn__=-]K-R\">USAID Moldova<\/a>, <a href=\"https:\/\/www.facebook.com\/IREX.Moldova?__cft__[0]=AZVjyef8XV1Vfe2fMb6rIfmM2HUvEtTI6ZofsH4085sO-QH7adUjTWhfbsrKDR4IG1UZXu9Fj-E05HWPAECqhcou-07bgEX0m7MNyTlYlRcCpaxetI6aVAG9oAcoVeBJxjk1R9KofuDRprGAo8jVHat0&amp;__tn__=-]K-R\">IREX in Moldova<\/a>.<\/p>\n\n\n\n<figure class=\"wp-block-gallery has-nested-images columns-default is-cropped wp-block-gallery-1 is-layout-flex wp-block-gallery-is-layout-flex\">\n<figure class=\"wp-block-image size-large\"><img decoding=\"async\" data-id=\"2646\" src=\"https:\/\/satulcalinesti.md\/wp-content\/uploads\/2024\/08\/Calinesti-infografic_executare_buget-6-luni-2024-1024x1024.png\" alt=\"\" class=\"wp-image-2646\"\/><\/figure>\n<\/figure>\n","protected":false},"excerpt":{"rendered":"<p>Stima\u0163i cet\u0103\u0163eni ai satului C\u0103line\u015fti, v\u0103 aducem la cuno\u015ftin\u0163a Dumneavoast\u0103 executarea bugetului local pentru 6 luni ale anului 2024. Dac\u0103 ave\u0163i \u00eentreb\u0103ri, V\u0103 rog s\u0103 le adresa\u0163i \u00een comentarii ori la num\u0103rul de telefon: 025961336. Primar, Ala Procopciuc Mul\u021bumesc mult partenerilor pentru suportul acordat Programul Comunitatea Mea, USAID Moldova, IREX in Moldova.<\/p>\n","protected":false},"author":4,"featured_media":0,"parent":0,"menu_order":0,"comment_status":"closed","ping_status":"closed","template":"","meta":{"footnotes":""},"class_list":["post-2645","page","type-page","status-publish","hentry","entry"],"_links":{"self":[{"href":"https:\/\/satulcalinesti.md\/index.php?rest_route=\/wp\/v2\/pages\/2645","targetHints":{"allow":["GET"]}}],"collection":[{"href":"https:\/\/satulcalinesti.md\/index.php?rest_route=\/wp\/v2\/pages"}],"about":[{"href":"https:\/\/satulcalinesti.md\/index.php?rest_route=\/wp\/v2\/types\/page"}],"author":[{"embeddable":true,"href":"https:\/\/satulcalinesti.md\/index.php?rest_route=\/wp\/v2\/users\/4"}],"replies":[{"embeddable":true,"href":"https:\/\/satulcalinesti.md\/index.php?rest_route=%2Fwp%2Fv2%2Fcomments&post=2645"}],"version-history":[{"count":1,"href":"https:\/\/satulcalinesti.md\/index.php?rest_route=\/wp\/v2\/pages\/2645\/revisions"}],"predecessor-version":[{"id":2648,"href":"https:\/\/satulcalinesti.md\/index.php?rest_route=\/wp\/v2\/pages\/2645\/revisions\/2648"}],"wp:attachment":[{"href":"https:\/\/satulcalinesti.md\/index.php?rest_route=%2Fwp%2Fv2%2Fmedia&parent=2645"}],"curies":[{"name":"wp","href":"https:\/\/api.w.org\/{rel}","templated":true}]}}