{"id":248,"date":"2023-07-25T08:58:52","date_gmt":"2023-07-25T08:58:52","guid":{"rendered":"https:\/\/satulcalinesti.md\/?page_id=248"},"modified":"2024-08-02T08:30:59","modified_gmt":"2024-08-02T08:30:59","slug":"servicii-administrative","status":"publish","type":"page","link":"https:\/\/satulcalinesti.md\/?page_id=248","title":{"rendered":"SERVICII ADMINISTRATIVE"},"content":{"rendered":"\n<p>ARHITECTUR\u0102 \u015eI CONSTRUC\u0162II<\/p>\n\n\n\n<div class=\"wp-block-file\"><a id=\"wp-block-file--media-83e506f9-9a3c-498a-97f1-e9670868d81d\" href=\"https:\/\/satulcalinesti.md\/wp-content\/uploads\/2024\/08\/autorizatie-de-construire-3.pdf\" target=\"_blank\" rel=\"noreferrer noopener\">autorizatie de construire<\/a><a href=\"https:\/\/satulcalinesti.md\/wp-content\/uploads\/2024\/08\/autorizatie-de-construire-3.pdf\" class=\"wp-block-file__button wp-element-button\" download aria-describedby=\"wp-block-file--media-83e506f9-9a3c-498a-97f1-e9670868d81d\">Descarc\u0103<\/a><\/div>\n\n\n\n<div class=\"wp-block-file\"><a id=\"wp-block-file--media-642b5514-56c5-4db4-a513-74238526709c\" href=\"https:\/\/satulcalinesti.md\/wp-content\/uploads\/2024\/08\/autorizatie-de-desfiintare.pdf\" target=\"_blank\" rel=\"noreferrer noopener\">autoriza\u0163ie de desfiin\u021bare<\/a><a href=\"https:\/\/satulcalinesti.md\/wp-content\/uploads\/2024\/08\/autorizatie-de-desfiintare.pdf\" class=\"wp-block-file__button wp-element-button\" download aria-describedby=\"wp-block-file--media-642b5514-56c5-4db4-a513-74238526709c\">Descarc\u0103<\/a><\/div>\n\n\n\n<div class=\"wp-block-file\"><a id=\"wp-block-file--media-57f3b8bc-1d7c-4de3-add3-dd00e2f6921c\" href=\"https:\/\/satulcalinesti.md\/wp-content\/uploads\/2024\/08\/autorizatie-schimbare-destinatie-a-constructiilor.pdf\" target=\"_blank\" rel=\"noreferrer noopener\">autorizatie schimbare destinatie a construc\u0163iilor<\/a><a href=\"https:\/\/satulcalinesti.md\/wp-content\/uploads\/2024\/08\/autorizatie-schimbare-destinatie-a-constructiilor.pdf\" class=\"wp-block-file__button wp-element-button\" download aria-describedby=\"wp-block-file--media-57f3b8bc-1d7c-4de3-add3-dd00e2f6921c\">Descarc\u0103<\/a><\/div>\n\n\n\n<div class=\"wp-block-file\"><a id=\"wp-block-file--media-c522df28-4916-4ec8-8615-aeb0e59d2d9f\" href=\"https:\/\/satulcalinesti.md\/wp-content\/uploads\/2024\/08\/certificat-de-inregistrare-a-vehiculelor-cu-tractiune-animala-1.pdf\" target=\"_blank\" rel=\"noreferrer noopener\">certificat de inregistrare a vehiculelor cu tractiune animala (1)<\/a><a href=\"https:\/\/satulcalinesti.md\/wp-content\/uploads\/2024\/08\/certificat-de-inregistrare-a-vehiculelor-cu-tractiune-animala-1.pdf\" class=\"wp-block-file__button wp-element-button\" download aria-describedby=\"wp-block-file--media-c522df28-4916-4ec8-8615-aeb0e59d2d9f\">Descarc\u0103<\/a><\/div>\n\n\n\n<div class=\"wp-block-file\"><a id=\"wp-block-file--media-e3d0b1f5-40b8-4ff5-815a-d14e90a5673a\" href=\"https:\/\/satulcalinesti.md\/wp-content\/uploads\/2024\/08\/certificat-de-inregistrare-a-vehiculelor-cu-tractiune-animala.pdf\" target=\"_blank\" rel=\"noreferrer noopener\">certificat de inregistrare a vehiculelor cu tractiune animala<\/a><a href=\"https:\/\/satulcalinesti.md\/wp-content\/uploads\/2024\/08\/certificat-de-inregistrare-a-vehiculelor-cu-tractiune-animala.pdf\" class=\"wp-block-file__button wp-element-button\" download aria-describedby=\"wp-block-file--media-e3d0b1f5-40b8-4ff5-815a-d14e90a5673a\">Descarc\u0103<\/a><\/div>\n\n\n\n<p>EVIDEN\u0162A POPULA\u0162IEI:<\/p>\n\n\n\n<div class=\"wp-block-file\"><a id=\"wp-block-file--media-085976ca-f998-4659-892a-c55d7a7c6fe4\" href=\"https:\/\/satulcalinesti.md\/wp-content\/uploads\/2024\/08\/Adeverinta-componenta-familiei.pdf\" target=\"_blank\" rel=\"noreferrer noopener\">Adeverin\u021b\u0103 componenta familiei<\/a><a href=\"https:\/\/satulcalinesti.md\/wp-content\/uploads\/2024\/08\/Adeverinta-componenta-familiei.pdf\" class=\"wp-block-file__button wp-element-button\" download aria-describedby=\"wp-block-file--media-085976ca-f998-4659-892a-c55d7a7c6fe4\">Descarc\u0103<\/a><\/div>\n\n\n\n<p><\/p>\n\n\n\n<div class=\"wp-block-file\"><a id=\"wp-block-file--media-cc7513eb-ffb7-4e54-a237-7d38219c41dc\" href=\"https:\/\/satulcalinesti.md\/wp-content\/uploads\/2024\/08\/Adeverinta-confirmativa-detinerea-cotei-agricole-si-a-gospodariei-taranesti.pdf\" target=\"_blank\" rel=\"noreferrer noopener\">Adeverin\u021b\u0103 confirmativ\u0103 de\u021binerea cotei agricole \u0219i a gospod\u0103riei \u021b\u0103r\u0103ne\u0219ti<\/a><a href=\"https:\/\/satulcalinesti.md\/wp-content\/uploads\/2024\/08\/Adeverinta-confirmativa-detinerea-cotei-agricole-si-a-gospodariei-taranesti.pdf\" class=\"wp-block-file__button wp-element-button\" download aria-describedby=\"wp-block-file--media-cc7513eb-ffb7-4e54-a237-7d38219c41dc\">Descarc\u0103<\/a><\/div>\n\n\n\n<p><\/p>\n\n\n\n<div class=\"wp-block-file\"><a id=\"wp-block-file--media-52abe940-7ca0-4464-8b0d-ecf6bf93a2f0\" href=\"https:\/\/satulcalinesti.md\/wp-content\/uploads\/2024\/08\/Adeverinta-cu-privire-la-locul-de-trai.pdf\" target=\"_blank\" rel=\"noreferrer noopener\">Adeverin\u021b\u0103 cu privire la locul de trai<\/a><a href=\"https:\/\/satulcalinesti.md\/wp-content\/uploads\/2024\/08\/Adeverinta-cu-privire-la-locul-de-trai.pdf\" class=\"wp-block-file__button wp-element-button\" download aria-describedby=\"wp-block-file--media-52abe940-7ca0-4464-8b0d-ecf6bf93a2f0\">Descarc\u0103<\/a><\/div>\n\n\n\n<div class=\"wp-block-file\"><a id=\"wp-block-file--media-dca3a25b-5e3b-425d-97d7-9144befc6331\" href=\"https:\/\/satulcalinesti.md\/wp-content\/uploads\/2024\/08\/adeverinta-de-adresa.pdf\" target=\"_blank\" rel=\"noreferrer noopener\">adeverinta de adresa<\/a><a href=\"https:\/\/satulcalinesti.md\/wp-content\/uploads\/2024\/08\/adeverinta-de-adresa.pdf\" class=\"wp-block-file__button wp-element-button\" download aria-describedby=\"wp-block-file--media-dca3a25b-5e3b-425d-97d7-9144befc6331\">Descarc\u0103<\/a><\/div>\n\n\n\n<p><\/p>\n\n\n\n<div class=\"wp-block-file\"><a id=\"wp-block-file--media-c04879b1-5821-499f-83c3-7dc04f1e3c02\" href=\"https:\/\/satulcalinesti.md\/wp-content\/uploads\/2024\/08\/Adeverinte-si-documente-din-domeniul-evidentei-populatiei-1.pdf\" target=\"_blank\" rel=\"noreferrer noopener\">Adeverinte \u0219i documente din domeniul eviden\u021bei popula\u021biei<\/a><a href=\"https:\/\/satulcalinesti.md\/wp-content\/uploads\/2024\/08\/Adeverinte-si-documente-din-domeniul-evidentei-populatiei-1.pdf\" class=\"wp-block-file__button wp-element-button\" download aria-describedby=\"wp-block-file--media-c04879b1-5821-499f-83c3-7dc04f1e3c02\">Descarc\u0103<\/a><\/div>\n\n\n\n<p><\/p>\n\n\n\n<div class=\"wp-block-file\"><a id=\"wp-block-file--media-2dcf3a84-0daa-40f6-9e6c-956419f1962a\" href=\"https:\/\/satulcalinesti.md\/wp-content\/uploads\/2024\/08\/Caracteristica.pdf\" target=\"_blank\" rel=\"noreferrer noopener\">Caracteristic\u0103<\/a><a href=\"https:\/\/satulcalinesti.md\/wp-content\/uploads\/2024\/08\/Caracteristica.pdf\" class=\"wp-block-file__button wp-element-button\" download aria-describedby=\"wp-block-file--media-2dcf3a84-0daa-40f6-9e6c-956419f1962a\">Descarc\u0103<\/a><\/div>\n\n\n\n<p><\/p>\n\n\n\n<div class=\"wp-block-file\"><a id=\"wp-block-file--media-fcfb76dd-e149-45d3-9616-01f452c4b0b2\" href=\"https:\/\/satulcalinesti.md\/wp-content\/uploads\/2024\/08\/Certificat-privind-realizarea-marfii.pdf\" target=\"_blank\" rel=\"noreferrer noopener\">Certificat privind realizarea marfii<\/a><a href=\"https:\/\/satulcalinesti.md\/wp-content\/uploads\/2024\/08\/Certificat-privind-realizarea-marfii.pdf\" class=\"wp-block-file__button wp-element-button\" download aria-describedby=\"wp-block-file--media-fcfb76dd-e149-45d3-9616-01f452c4b0b2\">Descarc\u0103<\/a><\/div>\n\n\n\n<div class=\"wp-block-file\"><a id=\"wp-block-file--media-a430adde-4e02-4f71-8123-40f6c5a790d0\" href=\"https:\/\/satulcalinesti.md\/wp-content\/uploads\/2024\/08\/Declaratia-de-primire-in-spatiul-locativ.pdf\" target=\"_blank\" rel=\"noreferrer noopener\">Declaratia de primire in spatiul locativ<\/a><a href=\"https:\/\/satulcalinesti.md\/wp-content\/uploads\/2024\/08\/Declaratia-de-primire-in-spatiul-locativ.pdf\" class=\"wp-block-file__button wp-element-button\" download aria-describedby=\"wp-block-file--media-a430adde-4e02-4f71-8123-40f6c5a790d0\">Descarc\u0103<\/a><\/div>\n\n\n\n<p><\/p>\n\n\n\n<div class=\"wp-block-file\"><a id=\"wp-block-file--media-317fca12-976c-448d-b324-5e1775b2d8ca\" href=\"https:\/\/satulcalinesti.md\/wp-content\/uploads\/2024\/08\/Extras-din-Arhiva-Primariei.pdf\" target=\"_blank\" rel=\"noreferrer noopener\">Extras din Arhiva Primariei<\/a><a href=\"https:\/\/satulcalinesti.md\/wp-content\/uploads\/2024\/08\/Extras-din-Arhiva-Primariei.pdf\" class=\"wp-block-file__button wp-element-button\" download aria-describedby=\"wp-block-file--media-317fca12-976c-448d-b324-5e1775b2d8ca\">Descarc\u0103<\/a><\/div>\n\n\n\n<div class=\"wp-block-file\"><a id=\"wp-block-file--media-361f756b-b490-4ccf-9303-6cfaa866c261\" href=\"https:\/\/satulcalinesti.md\/wp-content\/uploads\/2024\/08\/Extras-din-registrul-de-evidenta-a-gospodariilor-populatiei.pdf\" target=\"_blank\" rel=\"noreferrer noopener\">Extras din registrul de eviden\u0163\u0103 a gospod\u0103riilor popula\u0163iei<\/a><a href=\"https:\/\/satulcalinesti.md\/wp-content\/uploads\/2024\/08\/Extras-din-registrul-de-evidenta-a-gospodariilor-populatiei.pdf\" class=\"wp-block-file__button wp-element-button\" download aria-describedby=\"wp-block-file--media-361f756b-b490-4ccf-9303-6cfaa866c261\">Descarc\u0103<\/a><\/div>\n\n\n\n<div class=\"wp-block-file\"><a id=\"wp-block-file--media-ebfa47fa-cea1-4138-a334-10ea4252a93d\" href=\"https:\/\/satulcalinesti.md\/wp-content\/uploads\/2024\/08\/Referinta.pdf\" target=\"_blank\" rel=\"noreferrer noopener\">Referin\u021b\u0103<\/a><a href=\"https:\/\/satulcalinesti.md\/wp-content\/uploads\/2024\/08\/Referinta.pdf\" class=\"wp-block-file__button wp-element-button\" download aria-describedby=\"wp-block-file--media-ebfa47fa-cea1-4138-a334-10ea4252a93d\">Descarc\u0103<\/a><\/div>\n\n\n\n<p><\/p>\n\n\n\n<p><\/p>\n\n\n\n<p><\/p>\n\n\n\n<p>ACTE DE STARE CIVIL\u0102<\/p>\n\n\n\n<div class=\"wp-block-file\"><a id=\"wp-block-file--media-dd51bab2-e59d-4096-9bce-04ea640483ad\" href=\"https:\/\/satulcalinesti.md\/wp-content\/uploads\/2024\/08\/certificat-de-casatorie.pdf\" target=\"_blank\" rel=\"noreferrer noopener\">certificat de casatorie<\/a><a href=\"https:\/\/satulcalinesti.md\/wp-content\/uploads\/2024\/08\/certificat-de-casatorie.pdf\" class=\"wp-block-file__button wp-element-button\" download aria-describedby=\"wp-block-file--media-dd51bab2-e59d-4096-9bce-04ea640483ad\">Descarc\u0103<\/a><\/div>\n\n\n\n<div class=\"wp-block-file\"><a id=\"wp-block-file--media-db9b4be0-638f-4acd-8b6f-0380e6324b19\" href=\"https:\/\/satulcalinesti.md\/wp-content\/uploads\/2024\/08\/certificat-de-deces.pdf\" target=\"_blank\" rel=\"noreferrer noopener\">certificat de deces<\/a><a href=\"https:\/\/satulcalinesti.md\/wp-content\/uploads\/2024\/08\/certificat-de-deces.pdf\" class=\"wp-block-file__button wp-element-button\" download aria-describedby=\"wp-block-file--media-db9b4be0-638f-4acd-8b6f-0380e6324b19\">Descarc\u0103<\/a><\/div>\n\n\n\n<div class=\"wp-block-file\"><a id=\"wp-block-file--media-443c92b7-d527-4503-b5d4-20fbba394c83\" href=\"https:\/\/satulcalinesti.md\/wp-content\/uploads\/2024\/08\/certificat-de-nastere.pdf\" target=\"_blank\" rel=\"noreferrer noopener\">certificat de nastere<\/a><a href=\"https:\/\/satulcalinesti.md\/wp-content\/uploads\/2024\/08\/certificat-de-nastere.pdf\" class=\"wp-block-file__button wp-element-button\" download aria-describedby=\"wp-block-file--media-443c92b7-d527-4503-b5d4-20fbba394c83\">Descarc\u0103<\/a><\/div>\n\n\n\n<p><\/p>\n\n\n\n<p><\/p>\n\n\n\n<p>EVIDEN\u0162A TRANSPORTULUI DE TRAC\u0162IUNE ANIMAL\u0102<\/p>\n\n\n\n<div class=\"wp-block-file\"><a id=\"wp-block-file--media-52544599-f145-4a9d-a6c5-eb39b8ff7541\" href=\"https:\/\/satulcalinesti.md\/wp-content\/uploads\/2024\/08\/certificat-de-inregistrare-a-vehiculelor-cu-tractiune-animala-2.pdf\" target=\"_blank\" rel=\"noreferrer noopener\">certificat de inregistrare a vehiculelor cu tractiune animala<\/a><a href=\"https:\/\/satulcalinesti.md\/wp-content\/uploads\/2024\/08\/certificat-de-inregistrare-a-vehiculelor-cu-tractiune-animala-2.pdf\" class=\"wp-block-file__button wp-element-button\" download aria-describedby=\"wp-block-file--media-52544599-f145-4a9d-a6c5-eb39b8ff7541\">Descarc\u0103<\/a><\/div>\n\n\n\n<p><\/p>\n\n\n\n<p><\/p>\n\n\n\n<p>CADASTRU<\/p>\n\n\n\n<div class=\"wp-block-file\"><a id=\"wp-block-file--media-600a7351-3ab5-4a84-b4d8-aa6b581c1168\" href=\"https:\/\/satulcalinesti.md\/wp-content\/uploads\/2024\/08\/extras-despre-detinerea-terenului-agricol.pdf\" target=\"_blank\" rel=\"noreferrer noopener\">extras despre de\u021binerea terenului agricol<\/a><a href=\"https:\/\/satulcalinesti.md\/wp-content\/uploads\/2024\/08\/extras-despre-detinerea-terenului-agricol.pdf\" class=\"wp-block-file__button wp-element-button\" download aria-describedby=\"wp-block-file--media-600a7351-3ab5-4a84-b4d8-aa6b581c1168\">Descarc\u0103<\/a><\/div>\n\n\n\n<div class=\"wp-block-file\"><a id=\"wp-block-file--media-6ab5e959-c411-40e7-bd28-0baa6f4e1589\" href=\"https:\/\/satulcalinesti.md\/wp-content\/uploads\/2024\/08\/Extras-din-Registrul-Cadastral.pdf\" target=\"_blank\" rel=\"noreferrer noopener\">Extras din Registrul Cadastral<\/a><a href=\"https:\/\/satulcalinesti.md\/wp-content\/uploads\/2024\/08\/Extras-din-Registrul-Cadastral.pdf\" class=\"wp-block-file__button wp-element-button\" download aria-describedby=\"wp-block-file--media-6ab5e959-c411-40e7-bd28-0baa6f4e1589\">Descarc\u0103<\/a><\/div>\n\n\n\n<div class=\"wp-block-file\"><a id=\"wp-block-file--media-4eaa8d0f-deb0-4cf5-b8a3-c275f6cdac14\" href=\"https:\/\/satulcalinesti.md\/wp-content\/uploads\/2024\/08\/extras-din-registrul-contractelor-de-arenda.pdf\" target=\"_blank\" rel=\"noreferrer noopener\">extras din registrul contractelor de arenda<\/a><a href=\"https:\/\/satulcalinesti.md\/wp-content\/uploads\/2024\/08\/extras-din-registrul-contractelor-de-arenda.pdf\" class=\"wp-block-file__button wp-element-button\" download aria-describedby=\"wp-block-file--media-4eaa8d0f-deb0-4cf5-b8a3-c275f6cdac14\">Descarc\u0103<\/a><\/div>\n\n\n\n<p><\/p>\n\n\n\n<p><\/p>\n\n\n\n<p>FISCAL<\/p>\n\n\n\n<div class=\"wp-block-file\"><a id=\"wp-block-file--media-ae08104e-65df-4fc9-97e5-9aba978b05d1\" href=\"https:\/\/satulcalinesti.md\/wp-content\/uploads\/2024\/08\/Certificatul-despre-lipsa-sau-existenta-restantelor-fata-de-buget.pdf\" target=\"_blank\" rel=\"noreferrer noopener\">Certificatul despre lipsa sau existen\u0163a restan\u0163elor fa\u0163\u0103 de buget<\/a><a href=\"https:\/\/satulcalinesti.md\/wp-content\/uploads\/2024\/08\/Certificatul-despre-lipsa-sau-existenta-restantelor-fata-de-buget.pdf\" class=\"wp-block-file__button wp-element-button\" download aria-describedby=\"wp-block-file--media-ae08104e-65df-4fc9-97e5-9aba978b05d1\">Descarc\u0103<\/a><\/div>\n\n\n\n<p><\/p>\n\n\n\n<p>EVIDEN\u0162A AFACERILOR<\/p>\n\n\n\n<div class=\"wp-block-file\"><a id=\"wp-block-file--media-e4d1506c-7146-4fb6-8b98-bf716178c8fb\" href=\"https:\/\/satulcalinesti.md\/wp-content\/uploads\/2024\/08\/adeverinta-confirmativa-detinerea-cotei-agricole-si-a-gospodariei-taranesti.pdf\" target=\"_blank\" rel=\"noreferrer noopener\">adeverinta confirmativa detinerea cotei agricole si a gospodariei taranesti<\/a><a href=\"https:\/\/satulcalinesti.md\/wp-content\/uploads\/2024\/08\/adeverinta-confirmativa-detinerea-cotei-agricole-si-a-gospodariei-taranesti.pdf\" class=\"wp-block-file__button wp-element-button\" download aria-describedby=\"wp-block-file--media-e4d1506c-7146-4fb6-8b98-bf716178c8fb\">Descarc\u0103<\/a><\/div>\n\n\n\n<div class=\"wp-block-file\"><a id=\"wp-block-file--media-24c2fc3a-3242-461c-b0d0-b117a616c26b\" href=\"https:\/\/satulcalinesti.md\/wp-content\/uploads\/2024\/08\/extras-din-registrul-de-evidenta-a-gospodariilor-taranesti.pdf\" target=\"_blank\" rel=\"noreferrer noopener\">extras din registrul de eviden\u021b\u0103 a gospod\u0103riilor \u021b\u0103r\u0103ne\u0219ti<\/a><a href=\"https:\/\/satulcalinesti.md\/wp-content\/uploads\/2024\/08\/extras-din-registrul-de-evidenta-a-gospodariilor-taranesti.pdf\" class=\"wp-block-file__button wp-element-button\" download aria-describedby=\"wp-block-file--media-24c2fc3a-3242-461c-b0d0-b117a616c26b\">Descarc\u0103<\/a><\/div>\n\n\n\n<p><\/p>\n\n\n\n<div class=\"wp-block-file\"><a id=\"wp-block-file--media-da85c070-3e72-4411-9811-1be89fb98510\" href=\"https:\/\/satulcalinesti.md\/wp-content\/uploads\/2024\/08\/Inregistrarea-Gospodariilor-Taranesti.pdf\" target=\"_blank\" rel=\"noreferrer noopener\">\u00cenregistrarea Gospod\u0103riilor \u021a\u0103r\u0103ne\u0219ti<\/a><a href=\"https:\/\/satulcalinesti.md\/wp-content\/uploads\/2024\/08\/Inregistrarea-Gospodariilor-Taranesti.pdf\" class=\"wp-block-file__button wp-element-button\" download aria-describedby=\"wp-block-file--media-da85c070-3e72-4411-9811-1be89fb98510\">Descarc\u0103<\/a><\/div>\n\n\n\n<p><\/p>\n\n\n\n<p><\/p>\n\n\n\n<p>COMER\u0162\/PREST\u0102RI SERVICII<\/p>\n\n\n\n<div class=\"wp-block-file\"><a id=\"wp-block-file--media-ce55f060-3e72-4e16-844a-cf3bc6e74e4d\" href=\"https:\/\/satulcalinesti.md\/wp-content\/uploads\/2024\/08\/Certificat-privind-realizarea-marfii-1.pdf\" target=\"_blank\" rel=\"noreferrer noopener\">Certificat privind realizarea m\u0103rfii<\/a><a href=\"https:\/\/satulcalinesti.md\/wp-content\/uploads\/2024\/08\/Certificat-privind-realizarea-marfii-1.pdf\" class=\"wp-block-file__button wp-element-button\" download aria-describedby=\"wp-block-file--media-ce55f060-3e72-4e16-844a-cf3bc6e74e4d\">Descarc\u0103<\/a><\/div>\n\n\n\n<div class=\"wp-block-file\"><a id=\"wp-block-file--media-9ee1d5b1-bea7-4fd0-b6fd-8f1024b8b991\" href=\"https:\/\/satulcalinesti.md\/wp-content\/uploads\/2024\/08\/instiintarea-privind-initierea-activitatii-de-comertsisau-prestari-servicii.pdf\" target=\"_blank\" rel=\"noreferrer noopener\">\u00een\u0219tiin\u021barea privind ini\u0163ierea activit\u0103\u0163ii de comert\u015fisau prest\u0103ri servicii<\/a><a href=\"https:\/\/satulcalinesti.md\/wp-content\/uploads\/2024\/08\/instiintarea-privind-initierea-activitatii-de-comertsisau-prestari-servicii.pdf\" class=\"wp-block-file__button wp-element-button\" download aria-describedby=\"wp-block-file--media-9ee1d5b1-bea7-4fd0-b6fd-8f1024b8b991\">Descarc\u0103<\/a><\/div>\n\n\n\n<p><\/p>\n\n\n\n<p><strong>ACTE NOTARIALE<\/strong><\/p>\n\n\n\n<div class=\"wp-block-file\"><a id=\"wp-block-file--media-46d8fe9c-cf05-476f-99ab-8cad9d648716\" href=\"https:\/\/satulcalinesti.md\/wp-content\/uploads\/2024\/08\/inregistrarea-contractelor-de-arenda.pdf\" target=\"_blank\" rel=\"noreferrer noopener\">\u00eenregistrarea contractelor de arenda<\/a><a href=\"https:\/\/satulcalinesti.md\/wp-content\/uploads\/2024\/08\/inregistrarea-contractelor-de-arenda.pdf\" class=\"wp-block-file__button wp-element-button\" download aria-describedby=\"wp-block-file--media-46d8fe9c-cf05-476f-99ab-8cad9d648716\">Descarc\u0103<\/a><\/div>\n\n\n\n<div class=\"wp-block-file\"><a id=\"wp-block-file--media-0445bc33-a30c-4768-afbb-ad337436340b\" href=\"https:\/\/satulcalinesti.md\/wp-content\/uploads\/2024\/08\/procura.pdf\" target=\"_blank\" rel=\"noreferrer noopener\">procura<\/a><a href=\"https:\/\/satulcalinesti.md\/wp-content\/uploads\/2024\/08\/procura.pdf\" class=\"wp-block-file__button wp-element-button\" download aria-describedby=\"wp-block-file--media-0445bc33-a30c-4768-afbb-ad337436340b\">Descarc\u0103<\/a><\/div>\n\n\n\n<p><\/p>\n\n\n\n<p class=\"has-small-font-size\"><\/p>\n\n\n\n<p class=\"has-medium-font-size\"><\/p>\n","protected":false},"excerpt":{"rendered":"<p>ARHITECTUR\u0102 \u015eI CONSTRUC\u0162II EVIDEN\u0162A POPULA\u0162IEI: ACTE DE STARE CIVIL\u0102 EVIDEN\u0162A TRANSPORTULUI DE TRAC\u0162IUNE ANIMAL\u0102 CADASTRU FISCAL EVIDEN\u0162A AFACERILOR COMER\u0162\/PREST\u0102RI SERVICII ACTE NOTARIALE<\/p>\n","protected":false},"author":1,"featured_media":0,"parent":0,"menu_order":5,"comment_status":"closed","ping_status":"closed","template":"","meta":{"footnotes":""},"class_list":["post-248","page","type-page","status-publish","hentry","entry"],"_links":{"self":[{"href":"https:\/\/satulcalinesti.md\/index.php?rest_route=\/wp\/v2\/pages\/248","targetHints":{"allow":["GET"]}}],"collection":[{"href":"https:\/\/satulcalinesti.md\/index.php?rest_route=\/wp\/v2\/pages"}],"about":[{"href":"https:\/\/satulcalinesti.md\/index.php?rest_route=\/wp\/v2\/types\/page"}],"author":[{"embeddable":true,"href":"https:\/\/satulcalinesti.md\/index.php?rest_route=\/wp\/v2\/users\/1"}],"replies":[{"embeddable":true,"href":"https:\/\/satulcalinesti.md\/index.php?rest_route=%2Fwp%2Fv2%2Fcomments&post=248"}],"version-history":[{"count":78,"href":"https:\/\/satulcalinesti.md\/index.php?rest_route=\/wp\/v2\/pages\/248\/revisions"}],"predecessor-version":[{"id":2614,"href":"https:\/\/satulcalinesti.md\/index.php?rest_route=\/wp\/v2\/pages\/248\/revisions\/2614"}],"wp:attachment":[{"href":"https:\/\/satulcalinesti.md\/index.php?rest_route=%2Fwp%2Fv2%2Fmedia&parent=248"}],"curies":[{"name":"wp","href":"https:\/\/api.w.org\/{rel}","templated":true}]}}