{"id":170,"date":"2023-07-25T08:48:40","date_gmt":"2023-07-25T08:48:40","guid":{"rendered":"https:\/\/satulcalinesti.md\/?page_id=170"},"modified":"2024-10-28T10:46:25","modified_gmt":"2024-10-28T10:46:25","slug":"patrimoniul-public","status":"publish","type":"page","link":"https:\/\/satulcalinesti.md\/?page_id=170","title":{"rendered":"Patrimoniul public"},"content":{"rendered":"\n<p class=\"has-medium-font-size\"><strong>Planul de Gestionare a Patrimoniului Public<\/strong>&nbsp;<em>detaliaz\u0103 scopul, structura, cadrul,&nbsp;<\/em><em>procesele \u015fi rezultatele gestion\u0103rii strategice a activelor din portofoliul de propriet\u0103\u0163i al UAT&nbsp;C\u0103line\u0219ti<\/em>. Implementarea cu succes a ini\u0163iativelor \u015fi proiectelor identificate \u00een cadrul Planului contribuie la \u00eendeplinirea obiectivelor de eficien\u0163\u0103 ale prim\u0103riei, de dezvoltare a sferei serviciilor publice \u015fi a domeniului economic din perspectiva cre\u015fterii veniturilor Prim\u0103riei.<\/p>\n\n\n\n<p class=\"has-medium-font-size\">Acest document a fost elaborat cu scopul de a impulsiona procesul de dezvoltare economic\u0103 a localit\u0103\u021bii \u015fi gestion\u0103rii eficiente \u015fi transparente a propriet\u0103\u0163ii publice, de a identifica \u015fi maximiza beneficiile locale pentru \u00eembun\u0103t\u0103\u0163irea calit\u0103\u0163ii prest\u0103rii serviciilor publice la nivel local.<\/p>\n\n\n\n<p class=\"has-medium-font-size\">Mai jos g\u0103si\u021bi documentul<strong>&nbsp;Planului de gestionare a Patrimoniului Public<\/strong>, aprobat prin <a href=\"https:\/\/actelocale.gov.md\/ral\/act\/cu-privire-la-aprobarea-planului-de-gestiionare-a-patrimoniului-public-uat-c%C4%83line%C5%9Fti2024-2028-1720014.html\">Decizia Consiliului local 9-2 din 16.10.2024<\/a><\/p>\n\n\n\n<div class=\"wp-block-file\"><a id=\"wp-block-file--media-b918e77e-f7f7-475e-a1fa-be211c6b883d\" href=\"https:\/\/satulcalinesti.md\/wp-content\/uploads\/2024\/10\/Plan_GPP_APL_Calinesti-aprobat.pdf\" target=\"_blank\" rel=\"noreferrer noopener\"><strong>Plan_GPP_APL_Calinesti aprobat<\/strong><\/a><a href=\"https:\/\/satulcalinesti.md\/wp-content\/uploads\/2024\/10\/Plan_GPP_APL_Calinesti-aprobat.pdf\" class=\"wp-block-file__button wp-element-button\" download aria-describedby=\"wp-block-file--media-b918e77e-f7f7-475e-a1fa-be211c6b883d\">Descarc\u0103<\/a><\/div>\n\n\n\n<p><\/p>\n\n\n\n<p><em>Realizarea acestui document a fost posibil\u0103 datorit\u0103 suportului generos din partea poporului American prin intermediul Agen\u021biei Statelor Unite pentru Dezvoltare Interna\u021bional\u0103 (USAID<\/em>)<em>, Programul Comunitatea Mea!<\/em><\/p>\n\n\n\n<p class=\"has-medium-font-size\"><strong>Harta Patrimoniului public al Prim\u0103riei satului C\u0103line\u0219ti<\/strong><\/p>\n\n\n\n<iframe loading=\"lazy\" src=\"https:\/\/www.google.com\/maps\/d\/u\/1\/embed?mid=1YPDCokSSxYS51qx19yGSXeArRGPGrgo&#038;ehbc=2E312F\" width=\"640\" height=\"480\"><\/iframe>\n\n\n\n<p class=\"has-medium-font-size\"><strong>Dinamica \u0219i ponderea veniturilor din Gestionarea Patrimoniului Public \u00een total venituri proprii, mii lei<\/strong><\/p>\n\n\n\n<figure class=\"wp-block-image size-full is-resized\"><img loading=\"lazy\" decoding=\"async\" width=\"759\" height=\"603\" src=\"https:\/\/satulcalinesti.md\/wp-content\/uploads\/2024\/05\/Patrimoniu-2018-2023.png\" alt=\"\" class=\"wp-image-2254\" style=\"width:800px\" srcset=\"https:\/\/satulcalinesti.md\/wp-content\/uploads\/2024\/05\/Patrimoniu-2018-2023.png 759w, https:\/\/satulcalinesti.md\/wp-content\/uploads\/2024\/05\/Patrimoniu-2018-2023-300x238.png 300w\" sizes=\"auto, (max-width: 759px) 100vw, 759px\" \/><\/figure>\n\n\n\n<p class=\"has-medium-font-size\"><strong>Expunerea grafic\u0103 a informa\u021biei privind dinamica \u0219i ponderea veniturilor APL \u00eenregistrate \u00een perioada 2018 \u2013 2023<\/strong> din gestiunea patrimoniului public la nivel local<\/p>\n\n\n\n<figure class=\"wp-block-image size-full\"><img loading=\"lazy\" decoding=\"async\" width=\"756\" height=\"496\" src=\"https:\/\/satulcalinesti.md\/wp-content\/uploads\/2024\/05\/Infogr-patrim-2018-2023.png\" alt=\"\" class=\"wp-image-2256\" srcset=\"https:\/\/satulcalinesti.md\/wp-content\/uploads\/2024\/05\/Infogr-patrim-2018-2023.png 756w, https:\/\/satulcalinesti.md\/wp-content\/uploads\/2024\/05\/Infogr-patrim-2018-2023-300x197.png 300w\" sizes=\"auto, (max-width: 756px) 100vw, 756px\" \/><\/figure>\n\n\n\n<p><strong>Inventar de baz\u0103 al cl\u0103dirilor\/ construc\u021biilor proprietate public\u0103 Prim\u0103ria satului C\u0103line\u0219ti<\/strong><\/p>\n\n\n\n<div data-wp-interactive=\"core\/file\" class=\"wp-block-file\"><object data-wp-bind--hidden=\"!state.hasPdfPreview\" hidden class=\"wp-block-file__embed\" data=\"https:\/\/satulcalinesti.md\/wp-content\/uploads\/2024\/08\/Inventar-cladiri-Calinesti.pdf\" type=\"application\/pdf\" style=\"width:100%;height:600px\" aria-label=\"\u00cenglobare pentru Inventar cladiri Calinesti.\"><\/object><a id=\"wp-block-file--media-725a1134-db7b-4301-90e3-72aa9b99eb9a\" href=\"https:\/\/satulcalinesti.md\/wp-content\/uploads\/2024\/08\/Inventar-cladiri-Calinesti.pdf\">Inventar cladiri Calinesti<\/a><a href=\"https:\/\/satulcalinesti.md\/wp-content\/uploads\/2024\/08\/Inventar-cladiri-Calinesti.pdf\" class=\"wp-block-file__button wp-element-button\" download aria-describedby=\"wp-block-file--media-725a1134-db7b-4301-90e3-72aa9b99eb9a\">Descarc\u0103<\/a><\/div>\n\n\n\n<div data-wp-interactive=\"core\/file\" class=\"wp-block-file\"><object data-wp-bind--hidden=\"!state.hasPdfPreview\" hidden class=\"wp-block-file__embed\" data=\"https:\/\/satulcalinesti.md\/wp-content\/uploads\/2024\/10\/Caracteristici-cladiri.pdf\" type=\"application\/pdf\" style=\"width:100%;height:600px\" aria-label=\"\u00cenglobare pentru Caracteristici cladiri.\"><\/object><a id=\"wp-block-file--media-bbc475ef-4f66-484c-bbff-fddd6407e8f4\" href=\"https:\/\/satulcalinesti.md\/wp-content\/uploads\/2024\/10\/Caracteristici-cladiri.pdf\">Caracteristici cladiri<\/a><a href=\"https:\/\/satulcalinesti.md\/wp-content\/uploads\/2024\/10\/Caracteristici-cladiri.pdf\" class=\"wp-block-file__button wp-element-button\" download aria-describedby=\"wp-block-file--media-bbc475ef-4f66-484c-bbff-fddd6407e8f4\">Descarc\u0103<\/a><\/div>\n","protected":false},"excerpt":{"rendered":"<p>Planul de Gestionare a Patrimoniului Public&nbsp;detaliaz\u0103 scopul, structura, cadrul,&nbsp;procesele \u015fi rezultatele gestion\u0103rii strategice a activelor din portofoliul de propriet\u0103\u0163i al UAT&nbsp;C\u0103line\u0219ti. Implementarea cu succes a ini\u0163iativelor \u015fi proiectelor identificate \u00een cadrul Planului contribuie la \u00eendeplinirea obiectivelor de eficien\u0163\u0103 ale prim\u0103riei, de dezvoltare a sferei serviciilor publice \u015fi a domeniului economic din perspectiva cre\u015fterii veniturilor Prim\u0103riei. [&hellip;]<\/p>\n","protected":false},"author":1,"featured_media":0,"parent":139,"menu_order":3,"comment_status":"closed","ping_status":"closed","template":"","meta":{"footnotes":""},"class_list":["post-170","page","type-page","status-publish","hentry","entry"],"_links":{"self":[{"href":"https:\/\/satulcalinesti.md\/index.php?rest_route=\/wp\/v2\/pages\/170","targetHints":{"allow":["GET"]}}],"collection":[{"href":"https:\/\/satulcalinesti.md\/index.php?rest_route=\/wp\/v2\/pages"}],"about":[{"href":"https:\/\/satulcalinesti.md\/index.php?rest_route=\/wp\/v2\/types\/page"}],"author":[{"embeddable":true,"href":"https:\/\/satulcalinesti.md\/index.php?rest_route=\/wp\/v2\/users\/1"}],"replies":[{"embeddable":true,"href":"https:\/\/satulcalinesti.md\/index.php?rest_route=%2Fwp%2Fv2%2Fcomments&post=170"}],"version-history":[{"count":14,"href":"https:\/\/satulcalinesti.md\/index.php?rest_route=\/wp\/v2\/pages\/170\/revisions"}],"predecessor-version":[{"id":2727,"href":"https:\/\/satulcalinesti.md\/index.php?rest_route=\/wp\/v2\/pages\/170\/revisions\/2727"}],"up":[{"embeddable":true,"href":"https:\/\/satulcalinesti.md\/index.php?rest_route=\/wp\/v2\/pages\/139"}],"wp:attachment":[{"href":"https:\/\/satulcalinesti.md\/index.php?rest_route=%2Fwp%2Fv2%2Fmedia&parent=170"}],"curies":[{"name":"wp","href":"https:\/\/api.w.org\/{rel}","templated":true}]}}