{"id":167,"date":"2023-07-25T08:48:40","date_gmt":"2023-07-25T08:48:40","guid":{"rendered":"https:\/\/satulcalinesti.md\/?page_id=167"},"modified":"2025-07-28T13:58:27","modified_gmt":"2025-07-28T13:58:27","slug":"achizitii-publice","status":"publish","type":"page","link":"https:\/\/satulcalinesti.md\/?page_id=167","title":{"rendered":"Achizi\u021bii Publice"},"content":{"rendered":"\n<div class=\"wp-block-columns is-layout-flex wp-container-core-columns-is-layout-9d6595d7 wp-block-columns-is-layout-flex\">\n<div class=\"wp-block-column is-layout-flow wp-block-column-is-layout-flow\" style=\"flex-basis:33.33%\">\n<figure class=\"wp-block-image size-full\"><a href=\"https:\/\/achizitii.md\/ro\/public\/organization\/primaria-calinesti\" target=\"_blank\" rel=\"noreferrer noopener\"><img loading=\"lazy\" decoding=\"async\" width=\"356\" height=\"123\" src=\"https:\/\/satulcalinesti.md\/wp-content\/uploads\/2023\/08\/logo_achizitii.png\" alt=\"\" class=\"wp-image-1187\" srcset=\"https:\/\/satulcalinesti.md\/wp-content\/uploads\/2023\/08\/logo_achizitii.png 356w, https:\/\/satulcalinesti.md\/wp-content\/uploads\/2023\/08\/logo_achizitii-300x104.png 300w\" sizes=\"auto, (max-width: 356px) 100vw, 356px\" \/><\/a><\/figure>\n<\/div>\n\n\n\n<div class=\"wp-block-column is-vertically-aligned-center is-layout-flow wp-block-column-is-layout-flow\" style=\"flex-basis:66.66%\">\n<p class=\"has-medium-font-size\"><strong><a href=\"https:\/\/achizitii.md\/ro\/public\/organization\/primaria-calinesti\" target=\"_blank\" rel=\"noreferrer noopener\">Achizi\u021biile Prim\u0103riei satului C\u0103line\u0219ti pe platforma achizitii.md<\/a><\/strong><\/p>\n<\/div>\n<\/div>\n\n\n\n<p class=\"has-text-align-center\">                                                                                                                   <strong>2025<\/strong><\/p>\n\n\n\n<p><strong>Planul contractelor de achizi\u021bii publice pentru anul 2025<\/strong><\/p>\n\n\n\n<p><a href=\"https:\/\/actelocale.gov.md\/ral\/act\/cu-privire-la-aprobarea-planului-contractelor-de-achizi%C5%A3ii-publice-pentru-anul-2025-1868165.html\">Cu privire la aprobarea Planului contractelor de achizi\u0163ii publice pentru anul 2025 | Primaria Calinesti, R-UL FALESTI<\/a><\/p>\n\n\n\n<p class=\"has-text-align-center has-medium-font-size\"><strong>2024<\/strong><\/p>\n\n\n\n<div class=\"wp-block-file\"><a id=\"wp-block-file--media-14b9a722-98f7-47a6-8ce5-c23db8a23d18\" href=\"https:\/\/satulcalinesti.md\/wp-content\/uploads\/2024\/05\/plan-de-achizitii-2024.pdf\" target=\"_blank\" rel=\"noreferrer noopener\">Plan-de-achizitii-2024<\/a><a href=\"https:\/\/satulcalinesti.md\/wp-content\/uploads\/2024\/05\/plan-de-achizitii-2024.pdf\" class=\"wp-block-file__button wp-element-button\" download aria-describedby=\"wp-block-file--media-14b9a722-98f7-47a6-8ce5-c23db8a23d18\">Descarc\u0103<\/a><\/div>\n\n\n\n<p><a href=\"https:\/\/actelocale.gov.md\/ral\/act\/cu-privire-la-aprobarea-planului-de-achizi%C5%A3ii-m%C4%83rfuri-%C5%9Fi-servicii-pentru-anul-2024-1555668.html\" target=\"_blank\" rel=\"noreferrer noopener\">Decizie 3-9 din 29.03.2024<\/a> Cu privire la aprobarea Planului de Achizi\u0163ii, m\u0103rfuri \u015fi servicii pentru anul 2024<\/p>\n\n\n\n<p><a href=\"https:\/\/actelocale.gov.md\/ral\/act\/cu-privire-la-aprobarea-raportului-anual-privind-controlul-intern-managerial-%C3%AEn-anul-2023-al-apl-c%C4%83line%C5%9Fti-1525371.html\" target=\"_blank\" rel=\"noreferrer noopener\">Dispozi\u021bie 7 din 05.02.2024<\/a> Cu privire la numirea <a href=\"https:\/\/satulcalinesti.md\/wp-content\/uploads\/2024\/02\/Dispozitie-7-5.2.2024-achiz-publ.pdf\" target=\"_blank\" rel=\"noreferrer noopener\">persoanei responsabile de procedurile achizi\u0163iilor publice<\/a><\/p>\n\n\n\n<p><a href=\"https:\/\/actelocale.gov.md\/ral\/act\/cu-privire-la-instituirea-grupului-de-lucru-privind-achizi%C5%A3iile-publice-1486135.html\">Dispozi\u021bie 1 din 15.01.2024<\/a> Cu privire la instituirea grupului de lucru privind achizi\u0163iile publice<\/p>\n\n\n\n<p class=\"has-text-align-center has-medium-font-size\"><strong>2023<\/strong><\/p>\n\n\n\n<p><\/p>\n\n\n\n<p><strong><a rel=\"noreferrer noopener\" href=\"https:\/\/actelocale.gov.md\/ral\/act\/cu-privire-la-instituirea-grupului-de-lucru-privind-achizi%C5%A3iile-publice-1171776.html\" target=\"_blank\">Dispozi\u021bie 1 din 10.01.2023<\/a> <a href=\"https:\/\/satulcalinesti.md\/wp-content\/uploads\/2023\/08\/2023-Dispozitie-grupul-de-lucru-achizitii.pdf\" target=\"_blank\" rel=\"noreferrer noopener\">Cu privire la instituirea grupului de lucru privind achizi\u0163iile publice<\/a><\/strong><\/p>\n\n\n\n<p>Obiecte de achizi\u0163ie la planul de achizi\u0163ii de bunuri,lucr\u0103ri \u015fi servicii pentru anul 2024<\/p>\n\n\n\n<div class=\"wp-block-file\"><a id=\"wp-block-file--media-fe33d10b-85d0-4e12-9f92-a64c406ef59a\" href=\"https:\/\/satulcalinesti.md\/wp-content\/uploads\/2024\/11\/Anexa-la-Planul-de-achizitii-pe-anul-2024-.1.pdf\" target=\"_blank\" rel=\"noreferrer noopener\">Anex\u0103 la Planul de achizi\u0163ii pe anul 2024 .1<\/a><\/div>\n\n\n\n<p><\/p>\n","protected":false},"excerpt":{"rendered":"<p>Achizi\u021biile Prim\u0103riei satului C\u0103line\u0219ti pe platforma achizitii.md 2025 Planul contractelor de achizi\u021bii publice pentru anul 2025 Cu privire la aprobarea Planului contractelor de achizi\u0163ii publice pentru anul 2025 | Primaria Calinesti, R-UL FALESTI 2024 Decizie 3-9 din 29.03.2024 Cu privire la aprobarea Planului de Achizi\u0163ii, m\u0103rfuri \u015fi servicii pentru anul 2024 Dispozi\u021bie 7 din 05.02.2024 [&hellip;]<\/p>\n","protected":false},"author":1,"featured_media":0,"parent":139,"menu_order":2,"comment_status":"closed","ping_status":"closed","template":"","meta":{"footnotes":""},"class_list":["post-167","page","type-page","status-publish","hentry","entry"],"_links":{"self":[{"href":"https:\/\/satulcalinesti.md\/index.php?rest_route=\/wp\/v2\/pages\/167","targetHints":{"allow":["GET"]}}],"collection":[{"href":"https:\/\/satulcalinesti.md\/index.php?rest_route=\/wp\/v2\/pages"}],"about":[{"href":"https:\/\/satulcalinesti.md\/index.php?rest_route=\/wp\/v2\/types\/page"}],"author":[{"embeddable":true,"href":"https:\/\/satulcalinesti.md\/index.php?rest_route=\/wp\/v2\/users\/1"}],"replies":[{"embeddable":true,"href":"https:\/\/satulcalinesti.md\/index.php?rest_route=%2Fwp%2Fv2%2Fcomments&post=167"}],"version-history":[{"count":23,"href":"https:\/\/satulcalinesti.md\/index.php?rest_route=\/wp\/v2\/pages\/167\/revisions"}],"predecessor-version":[{"id":2856,"href":"https:\/\/satulcalinesti.md\/index.php?rest_route=\/wp\/v2\/pages\/167\/revisions\/2856"}],"up":[{"embeddable":true,"href":"https:\/\/satulcalinesti.md\/index.php?rest_route=\/wp\/v2\/pages\/139"}],"wp:attachment":[{"href":"https:\/\/satulcalinesti.md\/index.php?rest_route=%2Fwp%2Fv2%2Fmedia&parent=167"}],"curies":[{"name":"wp","href":"https:\/\/api.w.org\/{rel}","templated":true}]}}