{"id":163,"date":"2023-07-25T08:47:43","date_gmt":"2023-07-25T08:47:43","guid":{"rendered":"https:\/\/satulcalinesti.md\/?page_id=163"},"modified":"2024-05-17T06:40:05","modified_gmt":"2024-05-17T06:40:05","slug":"bugetul-executat","status":"publish","type":"page","link":"https:\/\/satulcalinesti.md\/?page_id=163","title":{"rendered":"Bugetul planificat"},"content":{"rendered":"\n<p><\/p>\n\n\n\n<p class=\"has-text-align-center has-medium-font-size\">2023<\/p>\n\n\n\n<div class=\"wp-block-file\"><a id=\"wp-block-file--media-ccf449ad-1e79-470f-a5f8-47afd97ee06b\" href=\"https:\/\/satulcalinesti.md\/wp-content\/uploads\/2024\/05\/Decizie-nr.10-9-din-21.12.2023.pdf\" target=\"_blank\" rel=\"noreferrer noopener\">Decizie-nr.10-9-din-21.12.2023<\/a><a href=\"https:\/\/satulcalinesti.md\/wp-content\/uploads\/2024\/05\/Decizie-nr.10-9-din-21.12.2023.pdf\" class=\"wp-block-file__button wp-element-button\" download aria-describedby=\"wp-block-file--media-ccf449ad-1e79-470f-a5f8-47afd97ee06b\">Descarc\u0103<\/a><\/div>\n\n\n\n<div class=\"wp-block-file\"><a id=\"wp-block-file--media-1bd0380c-de25-4b3d-a5ff-dcc6ab154c58\" href=\"https:\/\/satulcalinesti.md\/wp-content\/uploads\/2024\/05\/Taxe-locale-2024-2.pdf\" target=\"_blank\" rel=\"noreferrer noopener\">Taxe-locale-2024-2<\/a><a href=\"https:\/\/satulcalinesti.md\/wp-content\/uploads\/2024\/05\/Taxe-locale-2024-2.pdf\" class=\"wp-block-file__button wp-element-button\" download aria-describedby=\"wp-block-file--media-1bd0380c-de25-4b3d-a5ff-dcc6ab154c58\">Descarc\u0103<\/a><\/div>\n\n\n\n<div class=\"wp-block-file\"><a id=\"wp-block-file--media-abb002a7-ad3a-48c6-86ff-7aa625cdca76\" href=\"https:\/\/satulcalinesti.md\/wp-content\/uploads\/2024\/05\/Impozite-2024-1.pdf\" target=\"_blank\" rel=\"noreferrer noopener\">Impozite-2024-1<\/a><a href=\"https:\/\/satulcalinesti.md\/wp-content\/uploads\/2024\/05\/Impozite-2024-1.pdf\" class=\"wp-block-file__button wp-element-button\" download aria-describedby=\"wp-block-file--media-abb002a7-ad3a-48c6-86ff-7aa625cdca76\">Descarc\u0103<\/a><\/div>\n\n\n\n<p class=\"has-text-align-center has-medium-font-size\">2022<\/p>\n\n\n\n<p class=\"has-small-font-size\"><a href=\"https:\/\/actelocale.gov.md\/ral\/act\/cu-privire-la-aprobarea-bugetului-satului-c%C4%83line%C5%9Fti-pentru-anul-2023-%C3%AEn-lectura-a-doua-1153814.html\" target=\"_blank\" rel=\"noreferrer noopener\">Decizie 7\/10 din 16.12.2022<\/a> Cu privire la aprobarea bugetului satului C\u0103line\u015fti pentru anul 2023 \u00een lectura a doua<\/p>\n","protected":false},"excerpt":{"rendered":"<p>2023 2022 Decizie 7\/10 din 16.12.2022 Cu privire la aprobarea bugetului satului C\u0103line\u015fti pentru anul 2023 \u00een lectura a doua<\/p>\n","protected":false},"author":1,"featured_media":0,"parent":151,"menu_order":2,"comment_status":"closed","ping_status":"closed","template":"","meta":{"footnotes":""},"class_list":["post-163","page","type-page","status-publish","hentry","entry"],"_links":{"self":[{"href":"https:\/\/satulcalinesti.md\/index.php?rest_route=\/wp\/v2\/pages\/163","targetHints":{"allow":["GET"]}}],"collection":[{"href":"https:\/\/satulcalinesti.md\/index.php?rest_route=\/wp\/v2\/pages"}],"about":[{"href":"https:\/\/satulcalinesti.md\/index.php?rest_route=\/wp\/v2\/types\/page"}],"author":[{"embeddable":true,"href":"https:\/\/satulcalinesti.md\/index.php?rest_route=\/wp\/v2\/users\/1"}],"replies":[{"embeddable":true,"href":"https:\/\/satulcalinesti.md\/index.php?rest_route=%2Fwp%2Fv2%2Fcomments&post=163"}],"version-history":[{"count":10,"href":"https:\/\/satulcalinesti.md\/index.php?rest_route=\/wp\/v2\/pages\/163\/revisions"}],"predecessor-version":[{"id":2303,"href":"https:\/\/satulcalinesti.md\/index.php?rest_route=\/wp\/v2\/pages\/163\/revisions\/2303"}],"up":[{"embeddable":true,"href":"https:\/\/satulcalinesti.md\/index.php?rest_route=\/wp\/v2\/pages\/151"}],"wp:attachment":[{"href":"https:\/\/satulcalinesti.md\/index.php?rest_route=%2Fwp%2Fv2%2Fmedia&parent=163"}],"curies":[{"name":"wp","href":"https:\/\/api.w.org\/{rel}","templated":true}]}}