{"id":136,"date":"2023-07-25T08:31:44","date_gmt":"2023-07-25T08:31:44","guid":{"rendered":"https:\/\/satulcalinesti.md\/?page_id=136"},"modified":"2023-08-22T09:41:59","modified_gmt":"2023-08-22T09:41:59","slug":"personalitati-marcante","status":"publish","type":"page","link":"https:\/\/satulcalinesti.md\/?page_id=136","title":{"rendered":"Personalit\u0103\u021bi marcante"},"content":{"rendered":"\n<p class=\"has-text-align-center has-medium-font-size\"><strong>GHEORGHE VRABIE<\/strong><\/p>\n\n\n\n<div class=\"wp-block-media-text alignfull is-stacked-on-mobile is-vertically-aligned-top\" style=\"grid-template-columns:19% auto\"><figure class=\"wp-block-media-text__media\"><img loading=\"lazy\" decoding=\"async\" width=\"259\" height=\"194\" src=\"https:\/\/satulcalinesti.md\/wp-content\/uploads\/2023\/08\/GHEORGHE-1.jpg\" alt=\"\" class=\"wp-image-1110 size-full\"\/><\/figure><div class=\"wp-block-media-text__content\">\n<p><strong>Gheorghe Vrabie<\/strong> (n. 21 martie 1939, C\u0103line\u0219ti, jude\u021bul B\u0103l\u021bi \u2013 d. 31 martie 2016, Chi\u0219in\u0103u) a fost un artist plastic, grafician din Republica Moldova, autorul Stemei de Stat a Republicii Moldova, al Stemei \u0219i al Drapelului municipiului Chi\u0219in\u0103u, al valutei na\u021bionale \u0219i a fost supranumit &#8222;Tat\u0103l leului moldovenesc\u201d.<\/p>\n\n\n\n<p>A studiat la Academia de Pictur\u0103, Arhitectur\u0103, Sculptur\u0103 \u201eI. Repin\u201d din Sankt Peterburg, \u00een perioada 1962-1967. A debutat \u00een 1961. A ilustrat pe parcursul anilor mai multe volume din literatura roman\u0103 \u0219i universal\u0103. Interesul artistului s-a \u00eendreptat spre asemenea autori ca Mihai Eminescu, Ion Dru\u021b\u0103, Grigore Vieru, Dante, Longos, Paul Valery. Grafica de carte semnat\u0103 de Gheorghe Vrabie se remarc\u0103 prin siguran\u021ba liniei, precizia subiectului, rafinamentul execut\u0103rii.<\/p>\n\n\n\n<p>Gheorghe Vrabie a realizat ciclul de lucr\u0103ri intitulat \u201eHipismul\u201d. \u00cempreun\u0103 cu so\u021bia sa, Dorina Cojocaru face mai multe lucr\u0103ri \u00een mozaic.<\/p>\n\n\n\n<p>A deschis expozi\u021bii personale \u00een Republica Moldova \u0219i \u00een str\u0103in\u0103tate. Printre acestea se num\u0103r\u0103 cele inaugurate la Uniunea Scriitorilor, Muzeul Na\u021bional de Istorie \u0219i Arheologie, Casa Na\u021bionalit\u0103\u021bilor, Ambasada Rom\u00e2niei \u00een Republica Moldova, Biblioteca Na\u021bional\u0103, Centrul de Expozi\u021bii \u201eConstantin Br\u00e2ncu\u0219i\u201d al UAP. A expus la Galeria de art\u0103 de la \u201eCasa C\u0103r\u021bii\u201d din Ia\u0219i, la Casa central\u0103 a Scriitorilor din Moscova, \u00een Sala Central\u0103 a Uniunii Arti\u0219tilor Plastici din Odesa.<\/p>\n\n\n\n<p>Gheorghe Vrabie a participat la manifest\u0103ri expozi\u021bionale la Bucure\u0219ti, Moscova, Sankt-Petersburg, Bratisalava, Viena, Washington, Alma-Ata, Plovdiv, precum \u0219i \u00een ora\u0219e din Rom\u00e2nia (Bac\u0103u, Boto\u0219ani, Moine\u0219ti). De-a lungul timpul a fost invitat la diverse tabere de crea\u021bie, ateliere, simpozioane \u00een Rom\u00e2nia, Federa\u021bia Rus\u0103, Letonia, Lituania, Ungaria.<\/p>\n\n\n\n<p>Vrabie a ob\u021binut Premiul I pentru grafic\u0103 la concursul organizat de Academia de Art\u0103 din Sankt Petersburg &#8211; 1964, Premiul concursului organizat pentru elaborarea stemei de Stat a Republicii Modova- 1990, Premiul Uniunii Arti\u0219tilor Plastici din Moldova &#8211; 1999. \u00cen 1998 a primit distinc\u021bia Maestru \u00een Art\u0103, iar \u00een 2000 &#8211; medalia Eminescu.<\/p>\n\n\n\n<p>\u00cen 2010, Gheorghe Vrabie a fost decorat cu cea mai \u00eenalt\u0103 decora\u021bie de stat a Republicii Moldova, \u201eCavalerul Ordinului Republicii\u201d.<\/p>\n<\/div><\/div>\n\n\n\n<p><\/p>\n\n\n\n<p class=\"has-text-align-center has-medium-font-size\"><strong>IURIE NEGOI\u0162\u0102<\/strong><\/p>\n\n\n\n<div class=\"wp-block-media-text alignfull is-stacked-on-mobile is-vertically-aligned-top\" style=\"grid-template-columns:23% auto\"><figure class=\"wp-block-media-text__media\"><img loading=\"lazy\" decoding=\"async\" width=\"381\" height=\"354\" src=\"https:\/\/satulcalinesti.md\/wp-content\/uploads\/2023\/08\/IURIE-3.jpg\" alt=\"\" class=\"wp-image-1109 size-full\" srcset=\"https:\/\/satulcalinesti.md\/wp-content\/uploads\/2023\/08\/IURIE-3.jpg 381w, https:\/\/satulcalinesti.md\/wp-content\/uploads\/2023\/08\/IURIE-3-300x279.jpg 300w\" sizes=\"auto, (max-width: 381px) 100vw, 381px\" \/><\/figure><div class=\"wp-block-media-text__content\">\n<p>I<strong>urie Negoi\u0163\u0103 &#8211;<\/strong>Absolvent al Institutului de Art\u0103 Teatral\u0103 (GHITIS) din Moscova (1969), specialitatea &#8211; actor de teatru \u015fi cinema.<\/p>\n\n\n\n<p>Este angajat \u00een trupa Teatrului Na\u0163ional \u201eM. Eminescu\u201d din anul 1969. A interpretat peste 100 de roluri: Romeo \u00een \u201eRomeo \u015fi Julieta\u201d de W. Shakespeare, Florindo \u00een \u201eSlug\u0103 la doi st\u0103p\u00e2ni\u201d de C. Goldoni, A. Pu\u015fkin \u00een \u201ePa\u015fii comandorului\u201d de A. Korost\u00eeliov, Genarul \u00een \u201eCorbul\u201d de C. Gozzi, Valentin \u00een \u201eTata\u201d \u015fi pre\u015fedintele \u00een \u201ePomul vie\u0163ii\u201d de D. Matcovschi, VaskaPepel \u00een \u201eAzilul de noapte\u201d de M. Gorki, Cleant \u00een \u201eTartuffe\u201d de Moliere, Sher Khan \u00een \u201eMowgli\u201d de R. Kipling, Bertrand \u00een \u201eVecina de al\u0103turi\u201d de P. Chesnot, Weikopf \u00een \u201eGhetou\u201d de J. Sobol, personajul 1 \u00een \u201eU\u015fa\u201d de M. Vi\u015fniec, guvernatorul \u00een \u201eSuflete moarte\u201d de N. V. Gogol, craiul \u00een \u201eHarap-Alb\u201d de I. Creang\u0103 \u015f.a.<\/p>\n\n\n\n<p>\u00cen 1983 este distins cu titlul onorific de artist emerit<\/p>\n\n\n\n<p>.\u00cen 2002, artistul poporului Iurie Negoi\u0163\u0103 a fost distins cu Premiul UNITEM \u201eCel mai bun rol masculin&#8221; &#8211; Bertrand \u00een spectacolul \u201eVecina de al\u0103turi&#8221;, iar \u00een 2003-2004 a fost desemnat drept cel mai bun actor al anului.<\/p>\n\n\n\n<p>\u00cen 2006 Iurie negoi\u021b\u0103 a fost decorat cu Medalia \u201eIon Luca Caragiale&#8221;, iar \u00een 2011 cu Medalia \u201eVeniamin Apostol&#8221;.<\/p>\n\n\n\n<p>\u00a0\u00cen 2003-2006 a fost director general al Teatrului Na\u0163ional \u201eM. Eminescu\u201d.<\/p>\n<\/div><\/div>\n\n\n\n<p><\/p>\n\n\n\n<p class=\"has-text-align-center has-medium-font-size\"><strong>ANATOL MAGD\u00ceL<\/strong><\/p>\n\n\n\n<div class=\"wp-block-media-text alignfull is-stacked-on-mobile is-vertically-aligned-top\" style=\"grid-template-columns:25% auto\"><figure class=\"wp-block-media-text__media\"><img loading=\"lazy\" decoding=\"async\" width=\"490\" height=\"494\" src=\"https:\/\/satulcalinesti.md\/wp-content\/uploads\/2023\/08\/Anatol-M-1-1.png\" alt=\"\" class=\"wp-image-1108 size-full\" srcset=\"https:\/\/satulcalinesti.md\/wp-content\/uploads\/2023\/08\/Anatol-M-1-1.png 490w, https:\/\/satulcalinesti.md\/wp-content\/uploads\/2023\/08\/Anatol-M-1-1-298x300.png 298w, https:\/\/satulcalinesti.md\/wp-content\/uploads\/2023\/08\/Anatol-M-1-1-150x150.png 150w\" sizes=\"auto, (max-width: 490px) 100vw, 490px\" \/><\/figure><div class=\"wp-block-media-text__content\">\n<p><strong>ANATOL MAGD\u00ceL<\/strong> Maestru coregraf al Ansamblului Na\u021bional Academic de Dansuri Populare \u201eJoc\u201d \u0219i \u201eM\u0103r\u021bi\u0219or\u201d, Maestru \u00een Art\u0103, profesor de coregrafie, cercet\u0103tor de folclor \u0219i crea\u021bii coregrafice<\/p>\n\n\n\n<p>Conduc\u0103torul artistic al Ansamblului de dansuri populare &#8222;M\u0103r\u021bi\u0219or&#8221;, Anatol Magd\u00eel, a fost onorat de Pre\u0219edintele Republicii Moldova, Maia Sandu, cu prestigiosul Titlu onorific &#8222;Artist al Poporului&#8221;.<\/p>\n\n\n\n<p>Anatol Magd\u00e2l s-a n\u0103scut la 4 martie 1957 \u00een satul C\u0103line\u015fti, raionul F\u0103le\u015fti, \u00een familia lui Vasile \u015fi Alexandra (Budac) Magd\u00e2l, ambii p\u0103rin\u0163i. Fiind al doilea copil, Anatol din frageda copil\u0103rie a iubit s\u0103 ajute p\u0103rin\u0163ii \u00een gospod\u0103rie, a p\u0103scut animalele \u015fi p\u0103s\u0103rile casnice, a muncit \u00een brigada \u015fcol\u0103reasc\u0103, dar cel mai mult a visat s\u0103 fie artist de teatru. Despre actuala profesie \u2013 maestru coregraf, pe atunci, nici nu-\u015fi \u00eenchipuia cu ce se \u201em\u0103n\u00e2nc\u0103\u201d aceasta. \u00cei pl\u0103ceau horele din centrul satului organizate pe la s\u0103rb\u0103tori populare \u00eensemnate.<\/p>\n\n\n\n<p>Anatol a absolvit \u015fcoala medie din C\u0103line\u015fti (1964-1972). Datorit\u0103 faptului c\u0103 \u00een aceast\u0103 perioad\u0103 familia Magd\u00e2l era numeroas\u0103 \u2013 6 copii, Anatol a &nbsp;hot\u0103r\u00e2nd s\u0103 \u00eembr\u0103\u0163i\u015feze meseria de t\u00e2mplar. Anatol, dup\u0103 absolvirea celor 8 clase, pleac\u0103 la B\u0103l\u0163i, unde sus\u0163ine cu succes concursul la \u015ecoala profesional-tehnic\u0103 nr. 19, specialitatea \u201eT\u00e2mpl\u0103rie\u201d. \u00een toamna anului doi de studii (1973), cunoscu\u0163ii dansatori, ex-arti\u015ftii Ansamblului de muzic\u0103 \u015fi dans popular \u201eFluiera\u015f\u201d Vera \u015fi Constantin Ghermec, care \u00een acele timpuri activau \u00een calitate de coregeafi, selectau pe cei mai talenta\u0163i tineri \u015fi tinere pentru a completa trupa. Printre noroco\u015fi a fost \u015fi Anatol Magd\u00e2l. Studierea artei coregrafice \u00een ansamblul \u201eGhiocel\u201d a devenit o pasiune drag\u0103 sufletului \u015fi doar \u00een 3 luni a deprins dou\u0103 dansuri din repertoriul binecunoscutului ansamblu, particip\u00e2nd la concursul republican al \u015fcolilor de acest tip. <\/p>\n\n\n\n<p>A absolvit institu\u0163ia respectiv\u0103 \u00een luna mai anul 1975 \u015fi la sf\u00e2r\u015fitul acestei luni a fost chemat la c\u0103t\u0103nie. S-a \u00eentors de la milit\u0103rie tot \u00een luna mai, doar c\u0103 \u00een anul 1977, iar \u00een iulie a sus\u0163inut cu succes examenele de intrare la \u015ecoala de Iluminare Cultural\u0103 \u201eElena S\u00e2rbu\u201d din or. Soroca, la specialitatea \u201eCoregrafie\u201d, absolvind-o \u00een decembrie 1979. La 5 februarie 1980 a fost angajat \u00een calitate de conduc\u0103tor al Ansamblului de dans popular \u201eOleandra\u201d de la Casa raional\u0103 de cultur\u0103 din or\u0103\u015felul Nisporeni. Timp de 7 ani a diriguit forma\u0163ia respectiv\u0103, studiind folclorul coregrafic din localit\u0103\u0163ile de vecin\u0103tatea Nisporeniului \u015fi \u00eembog\u0103\u0163ind repertoriul \u201eOlendrei\u201d cu perlele coregrafice: \u201eJoc mare\u201d, \u201eBr\u00e2ul\u201d, \u201eS\u00e2rba\u201d, \u201eHora \u015fi S\u00e2rba\u201d, \u201eOstrop\u0103\u0163ul\u201d, \u201eB\u0103tuta\u201d \u015f. a., ocup\u00e2nd locuri de frunte \u015fi premii binemeritate la festivalurile raionale \u015fi republicane.&nbsp;<\/p>\n\n\n\n<p>Cariera de crea\u0163ie a coregrafului A. Magd\u00e2l atinge culmi de invidiat. \u00cen anul 1999 este invitat de c\u0103tre distinsul om de cultur\u0103 Vladimir Curbet, director artistic \u0219i prim-maestru de balet al Ansamblului Na\u0163ional Academic de Dansuri Populare \u201eJoc\u201d, pentru a-\u015fi prelungi activitatea de crea\u0163ie \u00een acest deosebit colectiv artistic \u2013 cartea de vizit\u0103 a Republicii Moldova.<\/p>\n\n\n\n<p>Pentru munc\u0103 \u00eendelungat\u0103 \u015fi prodigioas\u0103 \u00een domeniul culturii, i-a fost conferit \u00een anul 2001 titlul onorific \u201eMaestru \u00een Art\u0103\u201d \u00een anul 2023 titlu onorific &#8222;Artist al Poporului&#8221;.<\/p>\n\n\n\n<p><\/p>\n<\/div><\/div>\n\n\n\n<p><\/p>\n\n\n\n<p class=\"has-text-align-center has-medium-font-size\"><strong>DANIEL PROCOPCIUC<\/strong><\/p>\n\n\n\n<div class=\"wp-block-media-text alignfull is-stacked-on-mobile is-vertically-aligned-top\" style=\"grid-template-columns:31% auto\"><figure class=\"wp-block-media-text__media\"><img loading=\"lazy\" decoding=\"async\" width=\"809\" height=\"456\" src=\"https:\/\/satulcalinesti.md\/wp-content\/uploads\/2023\/08\/DAN1.jpg\" alt=\"\" class=\"wp-image-1095 size-full\" srcset=\"https:\/\/satulcalinesti.md\/wp-content\/uploads\/2023\/08\/DAN1.jpg 809w, https:\/\/satulcalinesti.md\/wp-content\/uploads\/2023\/08\/DAN1-300x169.jpg 300w, https:\/\/satulcalinesti.md\/wp-content\/uploads\/2023\/08\/DAN1-768x433.jpg 768w, https:\/\/satulcalinesti.md\/wp-content\/uploads\/2023\/08\/DAN1-800x450.jpg 800w\" sizes=\"auto, (max-width: 809px) 100vw, 809px\" \/><\/figure><div class=\"wp-block-media-text__content\">\n<p class=\"has-text-align-left\"><strong>Daniel Procopciuc<\/strong> s-a n\u0103scut \u00een anul 1995, \u00een localitatea C\u0103line\u0219ti din raionul F\u0103le\u0219ti, Republica Moldova, \u0219i a absolvit Universitatea de Stat de Medicin\u0103 \u0219i Farmacie \u201cNicolae Testemi\u021banu\u201d din Chi\u0219in\u0103u. Din 2019 este medic rezident la Ortopedie-Traumatologie la Spitalul \u201cSf. Spiridon\u201d din Ia\u0219i. Sportivul poreclit &#8222;Bra\u021bul de Aur al Moldovei&#8221; are \u00een palmares numeroase performan\u021be, printre care \u0219ase titluri de campion european \u0219i patru de campion mondial, titlul mondial la armwrestling printre profesion\u0219t \u0219i peste 130 de medalii c\u00e2\u0219tigate p\u00e2n\u0103 \u00een prezent la competitii na\u021bionale \u0219i interna\u021bionale  fiind \u0219i vicepre\u0219edintele Federa\u021biei de Armwrestling din Republica Moldova,T\u00e2n\u0103rul este remarcat \u0219i \u00een cadrul turneului tradi\u021bional &#8222;East versus West Armwrestling&#8221;, unde concureaz\u0103 cei mai buni sportivi din Europa \u0219i Asia \u00eempotriva rivalilor din America de Nord, America de Sud \u0219i Australia<\/p>\n\n\n\n<p class=\"has-text-align-left\"> Daniel Procopciuc n\u0103scut la Br\u00eenzeni, r. Edine\u021b, \u00een familia lui Vasile Procopciuc (inginer-cadastral) \u0219i Ala Procopciuc (numele de fat\u0103 \u2013 Morarenco; de specialitate contabil). Este cel mai mare copil din familie, sora Ana-Elena( n\u0103scut\u0103 \u00een 2002).  <\/p>\n\n\n\n<p>\u0218coala primar\u0103 \u0219i liceul teoretic C\u0103line\u0219ti (2001 \u2013 2013), <\/p>\n\n\n\n<p>Din augut 2016 \u2013 angajat prin cumul \u00een calitate de asistent medical \u00een Sec\u021bia Neurorecuperare a Institutului de Neurologie \u0219i Neurochirurgie.<\/p>\n\n\n\n<p class=\"has-text-align-left\"> Pe durata studiilor liceale a partiipant la olimpiadele \u0219colare raionale de chimie, matematic\u0103 \u0219i fizic\u0103. Pasionat \u015fi inspirat din copil\u0103rie de armwrestling, astfel dup\u0103 6 luni de haltere (antrenorLilian Cebanciuc \u2013 s. Glinjeni, r. F\u0103le\u0219ti) \u015fi-a amenajat acas\u0103 o sal\u0103 improvizat\u0103 \u015fi a \u00eenceput s\u0103 practice exerci\u0163ii specifice din 2012. \u00cens\u0103 antrenamentele sistematizate \u015fi sistemice au \u00eenceput din 2013, c\u00eend a devenit student la facultatea Medicin\u0103 General\u0103 a Univerit\u0103\u021bii de Stat de Medicin\u0103 \u0219i Farmacie \u201dN.Testemi\u0163anu\u201d. La complexul sportiv al universit\u0103\u0163ii de medicin\u0103 face c\u00e2te 3 \u2013 4 antrenamente s\u0103pt\u0103m\u00e2nal, iar o dat\u0103 \u00een s\u0103pt\u0103m\u00e2n\u0103 particip\u0103 la sparringurile ce se \u0163in la Universitatea de Educa\u0163ie Fizic\u0103 \u015fi Sport. Este antrenat de c\u0103tre fra\u0163ii Grumeza (Alexandru \u015fi MIhail). Este multiplu campion \u015fi de\u0163in\u0103tor de trofee na\u0163ionale \u015fi interna\u0163ionale, dintre cele mai importante ar fi de men\u0163ionat:<br>\u2013&nbsp;Dublu Vicecampion Mondial (argint pentru lupta cu bra\u021bul st\u00e2ng \u0219i argint pentru lupta cu bra\u021bul drept) la categoria -75kg tineret \u00een 2016;<br>\u2013&nbsp;Campion European bra\u0163ul drept la categoria -75kg tineret \u00een 2016;<br>\u2013&nbsp;Campion Balcanic \u00een \u201eLiga Profesionist\u0103 Balcanic\u0103\u201d, categoria -80kg \u00een 2016;<br>\u2013&nbsp;Campion absolut bra\u0163ul st\u00e2ng \u015fi vicecampion absolut bra\u0163ul drept la \u201eBoiar Armwrestling Na\u0163ional\u201d \u00een 2016;<br>\u2013&nbsp;Vicecampion European bra\u0163ul st\u00e2ng categoria -75kg tineret \u00een 2015;<br>\u2013&nbsp;\u201eCodlea Power Cup\u201d, Romania \u2013 locul 3 seniori -85kg bra\u0163ul st\u00e2ng; locul 2 seniori -75kg bra\u0163ul drept; locul 3 open dreapta;<br>\u2013&nbsp;Campionatul Interna\u0163ional \u201eX-Men \u2013 2014\u201d, Brescia, Italia \u2013 locul 1 bra\u0163ul drept tineret &#8211;<br>75kg, locul 1 bra\u0163ul st\u00e2ng tineret -75g, locul 3 seniori -75kg;<br>\u2013&nbsp;\u0412\u0441\u0435\u0443\u043a\u0440\u0430\u0438\u043d\u0441\u043a\u0438\u0439&nbsp;\u0427\u0435\u043c\u043f\u0438\u043e\u043d\u0430\u0442&nbsp;\u00ab\u0411\u0438\u0442\u0432\u0430&nbsp;\u0422\u0438\u0442\u0430\u043d\u043e\u0432&nbsp; 2014\u00bb,&nbsp;\u041e\u0434\u0435\u0441\u0441\u0430&nbsp;\u2013 locul 1 bra\u0163ul drept &#8211;<br>78kg, locul 1 bra\u0163ul sting -78kg, locul 2 \u2013 open dreapta.<br>Pentru reu\u0219itele din studii \u0219i performan\u021bele sportive devine Laureat al Galei Studen\u021bilor USMF\u201dNicolaie Testemi\u021banu\u201d 2015.<br> <\/p>\n\n\n\n<p><\/p>\n<\/div><\/div>\n\n\n\n<p class=\"has-text-align-left\"><\/p>\n\n\n\n<p class=\"has-text-align-center has-medium-font-size\"><strong>LARISA TUREA<\/strong><\/p>\n\n\n\n<div class=\"wp-block-media-text alignfull is-stacked-on-mobile is-vertically-aligned-top\" style=\"grid-template-columns:28% auto\"><figure class=\"wp-block-media-text__media\"><img loading=\"lazy\" decoding=\"async\" width=\"1024\" height=\"683\" src=\"https:\/\/satulcalinesti.md\/wp-content\/uploads\/2023\/08\/Larisa-Turea-1-1024x683.jpg\" alt=\"\" class=\"wp-image-1102 size-full\" srcset=\"https:\/\/satulcalinesti.md\/wp-content\/uploads\/2023\/08\/Larisa-Turea-1-1024x683.jpg 1024w, https:\/\/satulcalinesti.md\/wp-content\/uploads\/2023\/08\/Larisa-Turea-1-300x200.jpg 300w, https:\/\/satulcalinesti.md\/wp-content\/uploads\/2023\/08\/Larisa-Turea-1-768x512.jpg 768w, https:\/\/satulcalinesti.md\/wp-content\/uploads\/2023\/08\/Larisa-Turea-1-1536x1024.jpg 1536w, https:\/\/satulcalinesti.md\/wp-content\/uploads\/2023\/08\/Larisa-Turea-1.jpg 2048w\" sizes=\"auto, (max-width: 1024px) 100vw, 1024px\" \/><\/figure><div class=\"wp-block-media-text__content\">\n<p><strong>Larisa Turea<\/strong> (n. 29 februarie 1952, C\u0103line\u0219ti, r. F\u0103le\u0219ti, Moldova). Jurnalist\u0103, critic de art\u0103, traduc\u0103toare, membr\u0103 a Uniunii Scriitorilor din Moldova, pre\u0219edinta sec\u021biei moldovene\u0219ti a Asocia\u021biei Interna\u021bionale a Criticilor de Teatru.<\/p>\n\n\n\n<p>Larisa Turea s-a n\u0103scut \u00een satul C\u0103line\u0219ti, (r. F\u0103le\u0219ti ), pe 29 februarie 1952 \u00een familia lui Nestor, profesor de fizic\u0103 \u0219i matematici \u0219i a Olimpiei Ple\u0219ca (n\u0103scut\u0103 Bat\u00e2r), profesor de geografie \u0219i biologie la \u0219coala din localitate.<\/p>\n\n\n\n<p>Dup\u0103 ce absolve\u0219te cu medalie de aur \u0219coala din satul Cuhne\u0219ti, (r. Glodeni) \u00een 1969, intr\u0103 la Facultatea de Filologie (sec\u021bia Jurnalism) a Universit\u0103\u021bii de Stat din Chi\u0219in\u0103u pe care o absolve\u0219te, Magna Cum Laude \u00een 1974.<\/p>\n\n\n\n<p>De asemenea ob\u021bine \u00een 1995 o burs\u0103 din partea Guvernului francez \u00een cadrul Programului \u201cCourants d\u2019Est\u201d al Ministerului Culturii din Fran\u021ba \u0219i Observatorul de politici culturale, Grenoble, fiind de asemenea selectat\u0103 pentru dou\u0103 stagii interna\u021bionale, unul la Institutul Remarque al Universit\u0103\u021bii din New York \u00een 2003, \u0219i altul \u00een 2006 la Funda\u021bia Cultural\u0103 European\u0103 din Amsterdam, Olanda.<\/p>\n\n\n\n<p>Activitatea profesional\u0103<\/p>\n\n\n\n<p>Este angajat\u0103 \u00een 1973 la cotidianul Moldova Socialist\u0103, de unde trece, \u00een 1977 la revista Moldova, publica\u021bie unde devine \u00eent\u00e2i redactor apoi \u0219ef sec\u021bie arte \u0219i literatur\u0103. De asemenea activeaz\u0103 \u00een perioada 1987 -1992 ca redactor-\u0219ef al revistei de cinema Lanterna magic\u0103 \u0219i ca redactor \u0219ef al revistei de cultur\u0103 \u0219i art\u0103 Sud-Est.<\/p>\n\n\n\n<p>\u00cen perioada 1992- 1994 activeaz\u0103 ca Viceministru \u00een cadrul Ministerului Culturii \u0219i Cultelor al Republicii Moldova.<\/p>\n\n\n\n<p>\u00cen perioada 2000-2008 activeaz\u0103 ca secretar literar al Teatrului Na\u021bional \u201cMihai Eminescu\u201d din Chi\u0219in\u0103u, unde fondeaz\u0103 Gazeta Teatrului Na\u021bional. Din 2008 p\u00e2n\u0103 \u00een 2009 este secretar literar al Teatrului \u201cEugene Ionesco\u201d<\/p>\n\n\n\n<p>Din 1993 p\u00e2n\u0103 \u00een 2000 Larisa Turea colaboreaz\u0103 la catedra de sociologie, ASEM fiind, din 1995 \u00een 2008, cu intermiten\u021be lector superior, Facultatea de Jurnalism \u0219i \u0218tiin\u021be ale comunic\u0103rii, USM unde pred\u0103 un Curs special de publicistic\u0103 literar\u0103, \u201cDe la Eminescu \u0219i Caragiale la Ionesco\u201d. Printre discipolii Larisa Turea, de la care aceasta a \u201e\u00eenv\u0103\u021bat s\u00e2rguincios\u201d se num\u0103r\u0103 Liliana Arma\u0219u, Sorina \u0218tef\u00e2r\u021b\u0103, Tamara Carau\u0219, Alina Chiriac-Iva\u0219cu \u0219i mul\u021bi al\u021bii.<\/p>\n\n\n\n<p>Activitatea literar\u0103<\/p>\n\n\n\n<p>Larisa Turea debuteaz\u0103 cu versuri \u00een num\u0103rul 2, pentru anul 1967 al revistei Moldova \u0219i edi\u021bia din august 1969 a revistei Cultura Moldovei. Prima sa carte, &#8222;Portrete \u00een relief&#8221;, vede lumina tiparului \u00een 1987 la editura Cartea moldoveneasc\u0103 din Chisinau, urm\u00e2nd apoi la editura Universitas \u00een 1991 prima edi\u021bie a &#8222;C\u0103r\u021bii foametei&#8221; (scris\u0103 \u00een colaborare cu so\u021bul s\u0103u Valeriu Turea).<\/p>\n\n\n\n<p>Publica\u021bii:<\/p>\n\n\n\n<ul class=\"wp-block-list\">\n<li>Portrete \u00een relief, Cartea Moldoveneasc\u0103, Chi\u0219in\u0103u, 1987,<\/li>\n\n\n\n<li>Cartea Foametei, Universitas, Chi\u0219in\u0103u, 1991<\/li>\n\n\n\n<li>Cartea foametei, edi\u021bia a doua, revizuit\u0103, Curtea Veche, Bucure\u0219ti, 2008<\/li>\n\n\n\n<li>Cartea foametei, edi\u021bia a patra, revizuit\u0103, Cartier, Chi\u0219in\u0103u<\/li>\n\n\n\n<li>&#8222;Considera\u021bii privind memoriei culturale \u0219i colective (cu referire la schimb\u0103rile de mentalitate<\/li>\n\n\n\n<li>induse de \u00eenfometarea popula\u021biei din R.S.S.Moldoveneasc\u0103 \u00een 1946-1947) articol \u00een volumul<\/li>\n\n\n\n<li>Sf\u00e2r\u0219itul regimurilor comuniste. Cauze, desf\u0103\u0219urare \u0219i consecin\u021be&#8221;. Argonaut, Cluj-Napoca, 2011.<\/li>\n\n\n\n<li>&#8222;Imbl\u00e2nzitorii de lei \u00een teatrul basarabean&#8221; (Lion tamers in the bassarabian theatre) eseu \u00een volumul Das rum\u00e4nische Theater nach 1989. Seine Beziehungen zum deutschsprachigen Raum (Post 1989 Romanian theatre and its relations with the German space ), Frank &amp; Timme publishers, Berlin, 2010.<\/li>\n\n\n\n<li>&#8222;Portret de grup cu S.Nicolae, monodram\u0103, \u00een antologia \u201cDramaturgi basarabeni de astazi\u201d, editura Teatrul Azi \u0219i Funda\u021bia Camil Petrescu, Bucure\u0219ti, 2008, montat\u0103 \u00een regia lui Nelly Cozaru \u00een cadrul Atelierul de dramaturgie al Teatrului Na\u021bional Mihai Eminescu, iunie 2003;<\/li>\n\n\n\n<li>Cartea foametei, spectacol lectur\u0103, regie Alexandru Cozub, Atelierul de dramaturgie al Teatrului Na\u021bional Mihai Eminescu, februarie 2009<\/li>\n\n\n\n<li>The Moldavian Theatre Articol \u00een The Korean Theatre Magazine, nr.4, 2006<\/li>\n\n\n\n<li>Studiul Dimensiunea cultural\u0103 a dezvolt\u0103rii, Cultural Dimension of Development, Institutul de Politici Publice, Chi\u0219inau, 2003<\/li>\n\n\n\n<li>Peur, terreur, bonheur, eseu \u00een volumul Angoisses, reves et espoirs d\u2019Europe, Presses Universitaires de Nancy, Nancy, France, 2000<\/li>\n\n\n\n<li>Cultur\u0103 \u0219i competen\u021b\u0103 civilizatorie eseu, Caiete critice, n. 9-12\/1998, Bucure\u0219ti, Romania.<\/li>\n\n\n\n<li>Articole despre teatrul modern, Enciclopedia Chi\u0219in\u0103u<\/li>\n\n\n\n<li>Actors in Republic of Moldova, studiu, The Slovak Theatre, vol.45, n.4, 1997, Bratislava, Slovakia<\/li>\n\n\n\n<li>Micro-antologia La Litterature Bessarabienne, Missives, mars 1995, Paris.<\/li>\n<\/ul>\n\n\n\n<p>Distinc\u021bii<\/p>\n\n\n\n<ul class=\"wp-block-list\">\n<li>Premiul Uniunii Jurnali\u0219tilor din Republica Moldova pentru cea mai bun\u0103 carte a anului 1992 &#8211; \u201eCartea foametei\u201d.<\/li>\n<\/ul>\n\n\n\n<p>Afilieri<\/p>\n\n\n\n<ul class=\"wp-block-list\">\n<li>membr\u0103 a Uniunii Jurnali\u0219tilor din Moldova (din 1978)<\/li>\n\n\n\n<li>membr\u0103 a Uniunii Teatrale (din 1991)<\/li>\n\n\n\n<li>membr\u0103 a ligii Criticilor (din 1991)<\/li>\n\n\n\n<li>membr\u0103 a Comitetului pentru cultur\u0103 al Consiliului Europei (Strasbourg, 1994-1996)<\/li>\n\n\n\n<li>membr\u0103 al Uniunii Scriitorilor (din 1998)<\/li>\n<\/ul>\n<\/div><\/div>\n\n\n\n<p class=\"has-text-align-left\"><\/p>\n","protected":false},"excerpt":{"rendered":"<p>GHEORGHE VRABIE Gheorghe Vrabie (n. 21 martie 1939, C\u0103line\u0219ti, jude\u021bul B\u0103l\u021bi \u2013 d. 31 martie 2016, Chi\u0219in\u0103u) a fost un artist plastic, grafician din Republica Moldova, autorul Stemei de Stat a Republicii Moldova, al Stemei \u0219i al Drapelului municipiului Chi\u0219in\u0103u, al valutei na\u021bionale \u0219i a fost supranumit &#8222;Tat\u0103l leului moldovenesc\u201d. A studiat la Academia de [&hellip;]<\/p>\n","protected":false},"author":1,"featured_media":0,"parent":121,"menu_order":4,"comment_status":"closed","ping_status":"closed","template":"","meta":{"footnotes":""},"class_list":["post-136","page","type-page","status-publish","hentry","entry"],"_links":{"self":[{"href":"https:\/\/satulcalinesti.md\/index.php?rest_route=\/wp\/v2\/pages\/136","targetHints":{"allow":["GET"]}}],"collection":[{"href":"https:\/\/satulcalinesti.md\/index.php?rest_route=\/wp\/v2\/pages"}],"about":[{"href":"https:\/\/satulcalinesti.md\/index.php?rest_route=\/wp\/v2\/types\/page"}],"author":[{"embeddable":true,"href":"https:\/\/satulcalinesti.md\/index.php?rest_route=\/wp\/v2\/users\/1"}],"replies":[{"embeddable":true,"href":"https:\/\/satulcalinesti.md\/index.php?rest_route=%2Fwp%2Fv2%2Fcomments&post=136"}],"version-history":[{"count":29,"href":"https:\/\/satulcalinesti.md\/index.php?rest_route=\/wp\/v2\/pages\/136\/revisions"}],"predecessor-version":[{"id":1132,"href":"https:\/\/satulcalinesti.md\/index.php?rest_route=\/wp\/v2\/pages\/136\/revisions\/1132"}],"up":[{"embeddable":true,"href":"https:\/\/satulcalinesti.md\/index.php?rest_route=\/wp\/v2\/pages\/121"}],"wp:attachment":[{"href":"https:\/\/satulcalinesti.md\/index.php?rest_route=%2Fwp%2Fv2%2Fmedia&parent=136"}],"curies":[{"name":"wp","href":"https:\/\/api.w.org\/{rel}","templated":true}]}}