{"id":1326,"date":"2023-09-01T14:46:43","date_gmt":"2023-09-01T14:46:43","guid":{"rendered":"https:\/\/satulcalinesti.md\/?page_id=1326"},"modified":"2023-10-23T10:54:14","modified_gmt":"2023-10-23T10:54:14","slug":"plan-anual-de-activitate","status":"publish","type":"page","link":"https:\/\/satulcalinesti.md\/?page_id=1326","title":{"rendered":"Autoevaluare (FOCAS)"},"content":{"rendered":"\n<p>FOCAS constituie un instrument de auto-evaluare \u0219i de analiz\u0103 a capacit\u0103\u021bii organiza\u021bionale \u0219i func\u021bionale, structurat pe func\u021bii\/capacit\u0103\u021bi, pe baza unui sistem de punctare bine-definit. Instrumentul a fost utilizat de c\u0103tre Programul USAID \u201eComunitatea Mea\u201d, implementat de IREX Moldova, pentru evaluarea capacit\u0103\u021bii de baz\u0103 a APL-urilor partenere \u00een domeniile de gestionare eficient\u0103 \u0219i furnizare a serviciilor publice, precum \u0219i identificarea nevoilor de \u00eembun\u0103t\u0103\u021bire a serviciilor municipale.&nbsp;<\/p>\n\n\n\n<p>Procesul evalu\u0103rii FOCAS se bazeaz\u0103 pe un set de tabele, celulele c\u0103rora reflect\u0103 nivelul capacit\u0103\u021bii m\u0103surate, printr-un scor (de la 0 la 4), \u00een fiecare dintre func\u021biile identificate, printre care: &#8211; capacitatea organiza\u021bional\u0103 \u0219i de planificare strategic\u0103; &#8211; prestarea serviciilor; &#8211; management financiar; &#8211; participarea cet\u0103\u021beneasc\u0103 \u0219i transparen\u021ba; &#8211; managementul proiectelor; &#8211; resursele umane.&nbsp;<\/p>\n\n\n\n<p>Un beneficiu important al procesului FOCAS este analiza \u0219i dialogul care duc la elaborarea acestuia. Abordarea este u\u0219or de \u00een\u021beles \u0219i clarific\u0103 rolurile \u0219i responsabilit\u0103\u021bile personalului \u0219i ale managementului \u00een cadrul APL. Efectuarea repetat\u0103 a evalu\u0103rii FOCAS va constitui un instrument de auto-monitorizare pentru  APL.<\/p>\n\n\n\n<p>&#8211;\u00a0<a href=\"https:\/\/cancelaria.gov.md\/sites\/default\/files\/manual_focas_editia_2023_ro.pdf\">GHIDUL UTILIZATORULUI (FOCAS) (RO)<\/a><\/p>\n\n\n\n<div data-wp-interactive=\"core\/file\" class=\"wp-block-file\"><object data-wp-bind--hidden=\"!state.hasPdfPreview\" hidden class=\"wp-block-file__embed\" data=\"https:\/\/satulcalinesti.md\/wp-content\/uploads\/2023\/10\/Calinesti_FOCAS-Table_2023_final.pdf\" type=\"application\/pdf\" style=\"width:100%;height:600px\" aria-label=\"\u00cenglobare pentru Tabelul de Evaluare FOCAS pentru anul 2023.\"><\/object><a id=\"wp-block-file--media-810868aa-6f2a-409a-b101-ccf22e389ff4\" href=\"https:\/\/satulcalinesti.md\/wp-content\/uploads\/2023\/10\/Calinesti_FOCAS-Table_2023_final.pdf\">Tabelul de Evaluare FOCAS pentru anul 2023<\/a><a href=\"https:\/\/satulcalinesti.md\/wp-content\/uploads\/2023\/10\/Calinesti_FOCAS-Table_2023_final.pdf\" class=\"wp-block-file__button wp-element-button\" download aria-describedby=\"wp-block-file--media-810868aa-6f2a-409a-b101-ccf22e389ff4\">Descarc\u0103<\/a><\/div>\n\n\n\n<p><a href=\"https:\/\/satulcalinesti.md\/wp-content\/uploads\/2023\/09\/Calinesti_FOCAS-Action-Plan_2023_final.pdf\" target=\"_blank\" rel=\"noreferrer noopener\">PLANUL DE AC\u021aIUNI pentru \u00eembun\u0103t\u0103\u021birea Capacit\u0103\u021bii Organiza\u021bionale \u0219i Func\u021bionale (FOCAS) a Prim\u0103riei comunei C\u0103line\u0219ti pentru anii 2023-2024<\/a><\/p>\n","protected":false},"excerpt":{"rendered":"<p>FOCAS constituie un instrument de auto-evaluare \u0219i de analiz\u0103 a capacit\u0103\u021bii organiza\u021bionale \u0219i func\u021bionale, structurat pe func\u021bii\/capacit\u0103\u021bi, pe baza unui sistem de punctare bine-definit. Instrumentul a fost utilizat de c\u0103tre Programul USAID \u201eComunitatea Mea\u201d, implementat de IREX Moldova, pentru evaluarea capacit\u0103\u021bii de baz\u0103 a APL-urilor partenere \u00een domeniile de gestionare eficient\u0103 \u0219i furnizare a serviciilor [&hellip;]<\/p>\n","protected":false},"author":4,"featured_media":0,"parent":0,"menu_order":0,"comment_status":"closed","ping_status":"closed","template":"","meta":{"footnotes":""},"class_list":["post-1326","page","type-page","status-publish","hentry","entry"],"_links":{"self":[{"href":"https:\/\/satulcalinesti.md\/index.php?rest_route=\/wp\/v2\/pages\/1326","targetHints":{"allow":["GET"]}}],"collection":[{"href":"https:\/\/satulcalinesti.md\/index.php?rest_route=\/wp\/v2\/pages"}],"about":[{"href":"https:\/\/satulcalinesti.md\/index.php?rest_route=\/wp\/v2\/types\/page"}],"author":[{"embeddable":true,"href":"https:\/\/satulcalinesti.md\/index.php?rest_route=\/wp\/v2\/users\/4"}],"replies":[{"embeddable":true,"href":"https:\/\/satulcalinesti.md\/index.php?rest_route=%2Fwp%2Fv2%2Fcomments&post=1326"}],"version-history":[{"count":6,"href":"https:\/\/satulcalinesti.md\/index.php?rest_route=\/wp\/v2\/pages\/1326\/revisions"}],"predecessor-version":[{"id":2503,"href":"https:\/\/satulcalinesti.md\/index.php?rest_route=\/wp\/v2\/pages\/1326\/revisions\/2503"}],"wp:attachment":[{"href":"https:\/\/satulcalinesti.md\/index.php?rest_route=%2Fwp%2Fv2%2Fmedia&parent=1326"}],"curies":[{"name":"wp","href":"https:\/\/api.w.org\/{rel}","templated":true}]}}