{"id":1322,"date":"2023-09-01T14:16:59","date_gmt":"2023-09-01T14:16:59","guid":{"rendered":"https:\/\/satulcalinesti.md\/?page_id=1322"},"modified":"2024-02-07T13:10:33","modified_gmt":"2024-02-07T13:10:33","slug":"organigrama-si-statele-de-personal","status":"publish","type":"page","link":"https:\/\/satulcalinesti.md\/?page_id=1322","title":{"rendered":"Organigrama \u0219i statele de personal"},"content":{"rendered":"\n<p><\/p>\n\n\n\n<p><a href=\"https:\/\/actelocale.gov.md\/ral\/act\/cu-privire-la-aprobarea-structurii-efectivului-limit%C4%83-%C5%9Fi-organigramei-aparatului-prim%C4%83riei-satului-c%C4%83line%C5%9Fti-pentru-anul-2023-1251666.html\" target=\"_blank\" rel=\"noreferrer noopener\">Decizie 2-5 din 25.04.2023<\/a> Cu privire la aprobarea structurii, efectivului limit\u0103 \u015fi organigramei aparatului prim\u0103riei satului C\u0103line\u015fti pentru anul 2023<\/p>\n\n\n\n<figure class=\"wp-block-image size-large\"><img loading=\"lazy\" decoding=\"async\" width=\"1024\" height=\"791\" src=\"https:\/\/satulcalinesti.md\/wp-content\/uploads\/2024\/02\/Statutul-de-personal-3-pdf-1024x791.jpg\" alt=\"\" class=\"wp-image-1672\"\/><\/figure>\n\n\n\n<figure class=\"wp-block-image size-large\"><img loading=\"lazy\" decoding=\"async\" width=\"1024\" height=\"791\" src=\"https:\/\/satulcalinesti.md\/wp-content\/uploads\/2024\/02\/2-1-pdf-1024x791.jpg\" alt=\"\" class=\"wp-image-1673\"\/><\/figure>\n\n\n\n<figure class=\"wp-block-image size-large\"><img loading=\"lazy\" decoding=\"async\" width=\"1024\" height=\"791\" src=\"https:\/\/satulcalinesti.md\/wp-content\/uploads\/2024\/02\/3-pdf-1024x791.jpg\" alt=\"\" class=\"wp-image-1674\"\/><\/figure>\n\n\n\n<figure class=\"wp-block-image size-large\"><img loading=\"lazy\" decoding=\"async\" width=\"1024\" height=\"791\" src=\"https:\/\/satulcalinesti.md\/wp-content\/uploads\/2024\/02\/4-pdf-1024x791.jpg\" alt=\"\" class=\"wp-image-1675\"\/><\/figure>\n\n\n\n<figure class=\"wp-block-image size-large\"><img loading=\"lazy\" decoding=\"async\" width=\"1024\" height=\"791\" src=\"https:\/\/satulcalinesti.md\/wp-content\/uploads\/2024\/02\/5-pdf-1024x791.jpg\" alt=\"\" class=\"wp-image-1676\"\/><\/figure>\n","protected":false},"excerpt":{"rendered":"<p>Decizie 2-5 din 25.04.2023 Cu privire la aprobarea structurii, efectivului limit\u0103 \u015fi organigramei aparatului prim\u0103riei satului C\u0103line\u015fti pentru anul 2023<\/p>\n","protected":false},"author":2,"featured_media":0,"parent":0,"menu_order":0,"comment_status":"closed","ping_status":"closed","template":"","meta":{"footnotes":""},"class_list":["post-1322","page","type-page","status-publish","hentry","entry"],"_links":{"self":[{"href":"https:\/\/satulcalinesti.md\/index.php?rest_route=\/wp\/v2\/pages\/1322","targetHints":{"allow":["GET"]}}],"collection":[{"href":"https:\/\/satulcalinesti.md\/index.php?rest_route=\/wp\/v2\/pages"}],"about":[{"href":"https:\/\/satulcalinesti.md\/index.php?rest_route=\/wp\/v2\/types\/page"}],"author":[{"embeddable":true,"href":"https:\/\/satulcalinesti.md\/index.php?rest_route=\/wp\/v2\/users\/2"}],"replies":[{"embeddable":true,"href":"https:\/\/satulcalinesti.md\/index.php?rest_route=%2Fwp%2Fv2%2Fcomments&post=1322"}],"version-history":[{"count":3,"href":"https:\/\/satulcalinesti.md\/index.php?rest_route=\/wp\/v2\/pages\/1322\/revisions"}],"predecessor-version":[{"id":1677,"href":"https:\/\/satulcalinesti.md\/index.php?rest_route=\/wp\/v2\/pages\/1322\/revisions\/1677"}],"wp:attachment":[{"href":"https:\/\/satulcalinesti.md\/index.php?rest_route=%2Fwp%2Fv2%2Fmedia&parent=1322"}],"curies":[{"name":"wp","href":"https:\/\/api.w.org\/{rel}","templated":true}]}}