{"id":124,"date":"2023-07-25T08:31:14","date_gmt":"2023-07-25T08:31:14","guid":{"rendered":"https:\/\/satulcalinesti.md\/?page_id=124"},"modified":"2023-08-07T14:04:15","modified_gmt":"2023-08-07T14:04:15","slug":"informatii-generale","status":"publish","type":"page","link":"https:\/\/satulcalinesti.md\/?page_id=124","title":{"rendered":"Informa\u021bii generale"},"content":{"rendered":"\n<figure class=\"wp-block-image size-full is-resized\"><img loading=\"lazy\" decoding=\"async\" src=\"https:\/\/satulcalinesti.md\/wp-content\/uploads\/2023\/08\/image.png\" alt=\"\" class=\"wp-image-762\" width=\"155\" height=\"191\" srcset=\"https:\/\/satulcalinesti.md\/wp-content\/uploads\/2023\/08\/image.png 260w, https:\/\/satulcalinesti.md\/wp-content\/uploads\/2023\/08\/image-243x300.png 243w\" sizes=\"auto, (max-width: 155px) 100vw, 155px\" \/><\/figure>\n\n\n\n<p>Satul C\u0103line\u0219ti raionul F\u0103le\u0219ti este situat \u00een partea de Nord-Vest a Republicii Moldova, la o distan\u021b\u0103 de 144 km de capitala \u021b\u0103rii \u2013 mun. Chi\u0219in\u0103u, 57 km de municipiul B\u0103l\u021bi \u0219i 22 km de ora\u0219ul F\u0103le\u0219ti, centrul administrativ al raionului F\u0103le\u0219ti. Distan\u021ba p\u00e2n\u0103 la punctul vamal Coste\u0219ti-St\u00e2nca este de 50 km, iar p\u00e2n\u0103 la punctul vamal Sculeni este de 35 km. se discut\u0103 despre perspectiva construc\u021biei unui nou pod \u0219i punct vamal \u00een zona Balatina, cca 18 km, ce ar duce la noi oportunit\u0103\u021bi \u00een rela\u021biile cu localit\u0103\u021bile de pe ambele maluri ale Prutului.<\/p>\n\n\n\n<p>Satul este situat la latitudinea 47.5641 longitudinea 27.4863 si altitudinea de 83 metri fata de nivelul marii. Suprafa\u021ba ocupat\u0103 de localitate este de 2,45 km2, iar perimetru ocupat este de 12,94 km. Este amplasat paralel cu cursul r\u00e2ului Prut, pe o distan\u021b\u0103 de aproximativ 4,8 km.<\/p>\n\n\n\n<p>Num\u0103rul total al locuitorilor la ultimul recens\u0103m\u00e2nt al popula\u021biei efectuat de BNS, dup\u0103 datele reevaluate consituie 2521 locuitori. Prim\u0103ria s.C\u0103line\u0219ti a luat ini\u021biativa \u00eenfiin\u021b\u0103rii unu GAL (Grup de Ac\u021biune Local\u0103) \u00eempreun\u0103 cu cel pu\u021bin 5 localit\u00e2\u021bi cu o popula\u021bie de minimum 10737 locuitori (Chetris-1481, H\u012bncesti-976, N\u0103v\u012brne\u021b-2439, Logofteni-1153, Pruteni-2216). \u00cen cazul implement\u0103rii Reformei administrative, satul C\u0103line\u0219ti va fi ca centru \u00een cazul unor amalgam\u0103ri benevole.<\/p>\n\n\n\n<p>Satul este conectat le re\u021beaua rutier\u0103 format\u0103 din artera rutiere: R57 ora\u0219ul F\u0103le\u0219ti-s.P\u0103sc\u0103u\u021bi, raionul R\u00ee\u0219cani. Satul nu are acces direct la cale ferat\u0103. Localit\u0103\u021bile \u00eenvecinate cu satul C\u0103line\u0219ti sunt:<\/p>\n\n\n\n<p>la Nord \u2013 satele Chetri\u0219 \u0219i Vii\u0219oara;<\/p>\n\n\n\n<p>la Est \u2013 satele N\u0103v\u00eerne\u021b \u0219i Albine\u021bul Vechi;<\/p>\n\n\n\n<p>&nbsp;la Sud \u2013 satele H\u00eence\u0219ti \u0219i Pruteni;<\/p>\n\n\n\n<p>la Vest \u2013r\u00e2ul Prut \u2013 hotarul cu Romania;<\/p>\n","protected":false},"excerpt":{"rendered":"<p>Satul C\u0103line\u0219ti raionul F\u0103le\u0219ti este situat \u00een partea de Nord-Vest a Republicii Moldova, la o distan\u021b\u0103 de 144 km de capitala \u021b\u0103rii \u2013 mun. Chi\u0219in\u0103u, 57 km de municipiul B\u0103l\u021bi \u0219i 22 km de ora\u0219ul F\u0103le\u0219ti, centrul administrativ al raionului F\u0103le\u0219ti. Distan\u021ba p\u00e2n\u0103 la punctul vamal Coste\u0219ti-St\u00e2nca este de 50 km, iar p\u00e2n\u0103 la punctul [&hellip;]<\/p>\n","protected":false},"author":1,"featured_media":0,"parent":121,"menu_order":0,"comment_status":"closed","ping_status":"closed","template":"","meta":{"footnotes":""},"class_list":["post-124","page","type-page","status-publish","hentry","entry"],"_links":{"self":[{"href":"https:\/\/satulcalinesti.md\/index.php?rest_route=\/wp\/v2\/pages\/124","targetHints":{"allow":["GET"]}}],"collection":[{"href":"https:\/\/satulcalinesti.md\/index.php?rest_route=\/wp\/v2\/pages"}],"about":[{"href":"https:\/\/satulcalinesti.md\/index.php?rest_route=\/wp\/v2\/types\/page"}],"author":[{"embeddable":true,"href":"https:\/\/satulcalinesti.md\/index.php?rest_route=\/wp\/v2\/users\/1"}],"replies":[{"embeddable":true,"href":"https:\/\/satulcalinesti.md\/index.php?rest_route=%2Fwp%2Fv2%2Fcomments&post=124"}],"version-history":[{"count":3,"href":"https:\/\/satulcalinesti.md\/index.php?rest_route=\/wp\/v2\/pages\/124\/revisions"}],"predecessor-version":[{"id":763,"href":"https:\/\/satulcalinesti.md\/index.php?rest_route=\/wp\/v2\/pages\/124\/revisions\/763"}],"up":[{"embeddable":true,"href":"https:\/\/satulcalinesti.md\/index.php?rest_route=\/wp\/v2\/pages\/121"}],"wp:attachment":[{"href":"https:\/\/satulcalinesti.md\/index.php?rest_route=%2Fwp%2Fv2%2Fmedia&parent=124"}],"curies":[{"name":"wp","href":"https:\/\/api.w.org\/{rel}","templated":true}]}}