{"id":1022,"date":"2023-08-15T13:33:19","date_gmt":"2023-08-15T13:33:19","guid":{"rendered":"https:\/\/satulcalinesti.md\/?page_id=1022"},"modified":"2023-09-01T13:41:46","modified_gmt":"2023-09-01T13:41:46","slug":"consiliul-tinerilor","status":"publish","type":"page","link":"https:\/\/satulcalinesti.md\/?page_id=1022","title":{"rendered":"CONSILIUL TINERILOR"},"content":{"rendered":"\n<div class=\"wp-block-media-text is-stacked-on-mobile is-vertically-aligned-center\"><figure class=\"wp-block-media-text__media\"><img loading=\"lazy\" decoding=\"async\" width=\"960\" height=\"956\" src=\"https:\/\/satulcalinesti.md\/wp-content\/uploads\/2023\/08\/01-2.jpg\" alt=\"\" class=\"wp-image-1246 size-full\" srcset=\"https:\/\/satulcalinesti.md\/wp-content\/uploads\/2023\/08\/01-2.jpg 960w, https:\/\/satulcalinesti.md\/wp-content\/uploads\/2023\/08\/01-2-300x300.jpg 300w, https:\/\/satulcalinesti.md\/wp-content\/uploads\/2023\/08\/01-2-150x150.jpg 150w, https:\/\/satulcalinesti.md\/wp-content\/uploads\/2023\/08\/01-2-768x765.jpg 768w\" sizes=\"auto, (max-width: 960px) 100vw, 960px\" \/><\/figure><div class=\"wp-block-media-text__content\">\n<p><strong>Ast\u0103zi,12 iunie 2023 conform procesului verbal nr. 1 al adun\u0103rii tinerilor din localitatea noastr\u0103 a fost \u00eenfiin\u0163at Consiliul Local al Tineretului din s. C\u0103line\u015ftii, r. F\u0103le\u015fti.Conform votului deschis al adun\u0103rii tinerilor a fost ales pre\u015fedintele CLT. V\u0103 felicit cu aceast\u0103 realizare frumoas\u0103, succese remarcabile \u00een activit\u0103\u0163ile ce urmeaz\u0103 s\u0103 le implementa\u021bi. Sunt ferm convins\u0103, c\u0103 cu capacit\u0103\u0163ile fiec\u0103ruia dintre voi, vom reu\u015fi s\u0103 facem lucruri frumoase \u00een folosul comunit\u0103tii.<\/strong><\/p>\n\n\n\n<p><\/p>\n<\/div><\/div>\n\n\n\n<div class=\"wp-block-media-text is-stacked-on-mobile\"><figure class=\"wp-block-media-text__media\"><img loading=\"lazy\" decoding=\"async\" width=\"572\" height=\"1024\" src=\"https:\/\/satulcalinesti.md\/wp-content\/uploads\/2023\/08\/02-1-572x1024.jpg\" alt=\"\" class=\"wp-image-1249 size-full\" srcset=\"https:\/\/satulcalinesti.md\/wp-content\/uploads\/2023\/08\/02-1-572x1024.jpg 572w, https:\/\/satulcalinesti.md\/wp-content\/uploads\/2023\/08\/02-1-168x300.jpg 168w, https:\/\/satulcalinesti.md\/wp-content\/uploads\/2023\/08\/02-1-768x1374.jpg 768w, https:\/\/satulcalinesti.md\/wp-content\/uploads\/2023\/08\/02-1.jpg 843w\" sizes=\"auto, (max-width: 572px) 100vw, 572px\" \/><\/figure><div class=\"wp-block-media-text__content\">\n<p><strong>O sear\u0103 pl\u0103cut\u0103 al\u0103turi de tinerii care au venit s\u0103 vizioneze filmul<img loading=\"lazy\" decoding=\"async\" height=\"16\" width=\"16\" src=\"https:\/\/static.xx.fbcdn.net\/images\/emoji.php\/v9\/tf3\/1.5\/16\/2764.png\" alt=\"\u2764\ufe0f\"><\/strong><\/p>\n\n\n\n<figure class=\"wp-block-image size-large is-resized\"><img loading=\"lazy\" decoding=\"async\" src=\"https:\/\/satulcalinesti.md\/wp-content\/uploads\/2023\/08\/03-1-1024x461.jpg\" alt=\"\" class=\"wp-image-1250\" style=\"width:347px;height:156px\" width=\"347\" height=\"156\" srcset=\"https:\/\/satulcalinesti.md\/wp-content\/uploads\/2023\/08\/03-1-1024x461.jpg 1024w, https:\/\/satulcalinesti.md\/wp-content\/uploads\/2023\/08\/03-1-300x135.jpg 300w, https:\/\/satulcalinesti.md\/wp-content\/uploads\/2023\/08\/03-1-768x346.jpg 768w, https:\/\/satulcalinesti.md\/wp-content\/uploads\/2023\/08\/03-1-1536x692.jpg 1536w, https:\/\/satulcalinesti.md\/wp-content\/uploads\/2023\/08\/03-1.jpg 2048w\" sizes=\"auto, (max-width: 347px) 100vw, 347px\" \/><\/figure>\n<\/div><\/div>\n\n\n\n<p><strong>29.06.2023<br>Am ales ca denumirea noastr\u0103 s\u0103 fie Themis<\/strong><code><img decoding=\"async\" src=\"https:\/\/static.xx.fbcdn.net\/images\/emoji.php\/v9\/tba\/1.5\/16\/2705.png\" alt=\"\u2705\ufe0f\" style=\"\"><\/code><strong><br>Am \u00eenceput cu \u00eencetul s\u0103 decor\u0103m cabinetul<img loading=\"lazy\" decoding=\"async\" height=\"16\" width=\"16\" src=\"https:\/\/static.xx.fbcdn.net\/images\/emoji.php\/v9\/tba\/1.5\/16\/2705.png\" alt=\"\u2705\ufe0f\"><br>\u0218i pe viitor vom face mult mai multe schimb\u0103ri <\/strong><\/p>\n\n\n\n<figure class=\"wp-block-video alignleft\"><video controls src=\"https:\/\/satulcalinesti.md\/wp-content\/uploads\/2023\/08\/VID_64870728_090457_804-1.mp4\"><\/video><\/figure>\n\n\n\n<p><\/p>\n\n\n\n<figure class=\"wp-block-image size-large\"><img loading=\"lazy\" decoding=\"async\" width=\"576\" height=\"1024\" src=\"https:\/\/satulcalinesti.md\/wp-content\/uploads\/2023\/09\/1L-576x1024.jpg\" alt=\"\" class=\"wp-image-1285\" srcset=\"https:\/\/satulcalinesti.md\/wp-content\/uploads\/2023\/09\/1L-576x1024.jpg 576w, https:\/\/satulcalinesti.md\/wp-content\/uploads\/2023\/09\/1L-169x300.jpg 169w, https:\/\/satulcalinesti.md\/wp-content\/uploads\/2023\/09\/1L.jpg 720w\" sizes=\"auto, (max-width: 576px) 100vw, 576px\" \/><\/figure>\n\n\n\n<p>Cu siguran\u021b\u0103 mai organiz\u0103m<\/p>\n\n\n\n<p>,,Ziua lui da&#8221;<img loading=\"lazy\" decoding=\"async\" height=\"16\" width=\"16\" alt=\"\ud83e\udd29\" src=\"https:\/\/static.xx.fbcdn.net\/images\/emoji.php\/v9\/tb1\/1.5\/16\/1f929.png\"><img loading=\"lazy\" decoding=\"async\" height=\"16\" width=\"16\" alt=\"\ud83e\udd29\" src=\"https:\/\/static.xx.fbcdn.net\/images\/emoji.php\/v9\/tb1\/1.5\/16\/1f929.png\"><\/p>\n\n\n\n<p>Film interesant pentru copii<\/p>\n\n\n\n<p>Mul\u021bumim copiilor pentru c\u0103 au privit \u00een lini\u0219te filmul<\/p>\n\n\n\n<figure class=\"wp-block-gallery has-nested-images columns-default is-cropped wp-block-gallery-1 is-layout-flex wp-block-gallery-is-layout-flex\">\n<figure class=\"wp-block-image size-large\"><img loading=\"lazy\" decoding=\"async\" width=\"959\" height=\"540\" data-id=\"1288\" src=\"https:\/\/satulcalinesti.md\/wp-content\/uploads\/2023\/09\/11.jpg\" alt=\"\" class=\"wp-image-1288\" srcset=\"https:\/\/satulcalinesti.md\/wp-content\/uploads\/2023\/09\/11.jpg 959w, https:\/\/satulcalinesti.md\/wp-content\/uploads\/2023\/09\/11-300x169.jpg 300w, https:\/\/satulcalinesti.md\/wp-content\/uploads\/2023\/09\/11-768x432.jpg 768w, https:\/\/satulcalinesti.md\/wp-content\/uploads\/2023\/09\/11-800x450.jpg 800w\" sizes=\"auto, (max-width: 959px) 100vw, 959px\" \/><\/figure>\n<\/figure>\n\n\n\n<figure class=\"wp-block-image size-full\"><img loading=\"lazy\" decoding=\"async\" width=\"960\" height=\"720\" src=\"https:\/\/satulcalinesti.md\/wp-content\/uploads\/2023\/09\/12.jpg\" alt=\"\" class=\"wp-image-1290\" srcset=\"https:\/\/satulcalinesti.md\/wp-content\/uploads\/2023\/09\/12.jpg 960w, https:\/\/satulcalinesti.md\/wp-content\/uploads\/2023\/09\/12-300x225.jpg 300w, https:\/\/satulcalinesti.md\/wp-content\/uploads\/2023\/09\/12-768x576.jpg 768w\" sizes=\"auto, (max-width: 960px) 100vw, 960px\" \/><\/figure>\n\n\n\n<figure class=\"wp-block-image size-full\"><img loading=\"lazy\" decoding=\"async\" width=\"960\" height=\"720\" src=\"https:\/\/satulcalinesti.md\/wp-content\/uploads\/2023\/09\/13.jpg\" alt=\"\" class=\"wp-image-1291\" srcset=\"https:\/\/satulcalinesti.md\/wp-content\/uploads\/2023\/09\/13.jpg 960w, https:\/\/satulcalinesti.md\/wp-content\/uploads\/2023\/09\/13-300x225.jpg 300w, https:\/\/satulcalinesti.md\/wp-content\/uploads\/2023\/09\/13-768x576.jpg 768w\" sizes=\"auto, (max-width: 960px) 100vw, 960px\" \/><\/figure>\n\n\n\n<figure class=\"wp-block-image size-full\"><img loading=\"lazy\" decoding=\"async\" width=\"959\" height=\"540\" src=\"https:\/\/satulcalinesti.md\/wp-content\/uploads\/2023\/09\/14.jpg\" alt=\"\" class=\"wp-image-1292\" srcset=\"https:\/\/satulcalinesti.md\/wp-content\/uploads\/2023\/09\/14.jpg 959w, https:\/\/satulcalinesti.md\/wp-content\/uploads\/2023\/09\/14-300x169.jpg 300w, https:\/\/satulcalinesti.md\/wp-content\/uploads\/2023\/09\/14-768x432.jpg 768w, https:\/\/satulcalinesti.md\/wp-content\/uploads\/2023\/09\/14-800x450.jpg 800w\" sizes=\"auto, (max-width: 959px) 100vw, 959px\" \/><\/figure>\n\n\n\n<p>Conform planului de activit\u0103\u0163i al Consiliului de Tineret C\u0103line\u015fti ac\u0163iunile frumoase continu\u0103, una mai interesant\u0103 dec\u00e2t alta. Ca exemplu o activitate deosebit\u0103 a fost jocul distractiv ,, V\u00e2n\u0103toarea de Comori&#8221;, unde copiii au avut posibilitatea s\u0103 \u00eembine pl\u0103cutul cu utilul, dezvolt\u00e2nd \u015fi pun\u00e2nd \u00een mi\u015fcare capacit\u0103\u0163ile mintale, pentru care la sf\u00e2r\u015fitul activit\u0103\u0163ii au primit ca r\u0103splat\u0103 pentru implicarea activ\u0103 diferite cadouri acumulate din dona\u0163iile voluntare din partea membrilor Consiliului local Al Tinerilor. Mul\u0163umim mult organizatorilor pentru organizarea aceste activit\u0103\u0163i deosebite! Mul\u0163umim mult tuturor copiilor care s-au implicat. \u00cempreun\u0103 facem lucruri frumoase!!!<\/p>\n\n\n\n<figure class=\"wp-block-gallery has-nested-images columns-default is-cropped wp-block-gallery-2 is-layout-flex wp-block-gallery-is-layout-flex\">\n<figure class=\"wp-block-image size-full\"><img loading=\"lazy\" decoding=\"async\" width=\"750\" height=\"1000\" data-id=\"1300\" src=\"https:\/\/satulcalinesti.md\/wp-content\/uploads\/2023\/09\/a5.jpg\" alt=\"\" class=\"wp-image-1300\" srcset=\"https:\/\/satulcalinesti.md\/wp-content\/uploads\/2023\/09\/a5.jpg 750w, https:\/\/satulcalinesti.md\/wp-content\/uploads\/2023\/09\/a5-225x300.jpg 225w\" sizes=\"auto, (max-width: 750px) 100vw, 750px\" \/><\/figure>\n<\/figure>\n\n\n\n<figure class=\"wp-block-image size-full\"><img loading=\"lazy\" decoding=\"async\" width=\"750\" height=\"1000\" src=\"https:\/\/satulcalinesti.md\/wp-content\/uploads\/2023\/09\/a.jpg\" alt=\"\" class=\"wp-image-1295\" srcset=\"https:\/\/satulcalinesti.md\/wp-content\/uploads\/2023\/09\/a.jpg 750w, https:\/\/satulcalinesti.md\/wp-content\/uploads\/2023\/09\/a-225x300.jpg 225w\" sizes=\"auto, (max-width: 750px) 100vw, 750px\" \/><\/figure>\n\n\n\n<figure class=\"wp-block-image size-full\"><img loading=\"lazy\" decoding=\"async\" width=\"1000\" height=\"750\" src=\"https:\/\/satulcalinesti.md\/wp-content\/uploads\/2023\/09\/a1.jpg\" alt=\"\" class=\"wp-image-1296\" srcset=\"https:\/\/satulcalinesti.md\/wp-content\/uploads\/2023\/09\/a1.jpg 1000w, https:\/\/satulcalinesti.md\/wp-content\/uploads\/2023\/09\/a1-300x225.jpg 300w, https:\/\/satulcalinesti.md\/wp-content\/uploads\/2023\/09\/a1-768x576.jpg 768w\" sizes=\"auto, (max-width: 1000px) 100vw, 1000px\" \/><\/figure>\n\n\n\n<figure class=\"wp-block-image size-full\"><img loading=\"lazy\" decoding=\"async\" width=\"750\" height=\"1000\" src=\"https:\/\/satulcalinesti.md\/wp-content\/uploads\/2023\/09\/a2.jpg\" alt=\"\" class=\"wp-image-1297\" srcset=\"https:\/\/satulcalinesti.md\/wp-content\/uploads\/2023\/09\/a2.jpg 750w, https:\/\/satulcalinesti.md\/wp-content\/uploads\/2023\/09\/a2-225x300.jpg 225w\" sizes=\"auto, (max-width: 750px) 100vw, 750px\" \/><\/figure>\n\n\n\n<figure class=\"wp-block-image size-full\"><img loading=\"lazy\" decoding=\"async\" width=\"750\" height=\"1000\" src=\"https:\/\/satulcalinesti.md\/wp-content\/uploads\/2023\/09\/a3.jpg\" alt=\"\" class=\"wp-image-1298\" srcset=\"https:\/\/satulcalinesti.md\/wp-content\/uploads\/2023\/09\/a3.jpg 750w, https:\/\/satulcalinesti.md\/wp-content\/uploads\/2023\/09\/a3-225x300.jpg 225w\" sizes=\"auto, (max-width: 750px) 100vw, 750px\" \/><\/figure>\n\n\n\n<figure class=\"wp-block-image size-full\"><img loading=\"lazy\" decoding=\"async\" width=\"750\" height=\"1000\" src=\"https:\/\/satulcalinesti.md\/wp-content\/uploads\/2023\/09\/a4.jpg\" alt=\"\" class=\"wp-image-1299\" srcset=\"https:\/\/satulcalinesti.md\/wp-content\/uploads\/2023\/09\/a4.jpg 750w, https:\/\/satulcalinesti.md\/wp-content\/uploads\/2023\/09\/a4-225x300.jpg 225w\" sizes=\"auto, (max-width: 750px) 100vw, 750px\" \/><\/figure>\n","protected":false},"excerpt":{"rendered":"<p>Ast\u0103zi,12 iunie 2023 conform procesului verbal nr. 1 al adun\u0103rii tinerilor din localitatea noastr\u0103 a fost \u00eenfiin\u0163at Consiliul Local al Tineretului din s. C\u0103line\u015ftii, r. F\u0103le\u015fti.Conform votului deschis al adun\u0103rii tinerilor a fost ales pre\u015fedintele CLT. V\u0103 felicit cu aceast\u0103 realizare frumoas\u0103, succese remarcabile \u00een activit\u0103\u0163ile ce urmeaz\u0103 s\u0103 le implementa\u021bi. Sunt ferm convins\u0103, c\u0103 [&hellip;]<\/p>\n","protected":false},"author":2,"featured_media":1243,"parent":0,"menu_order":0,"comment_status":"closed","ping_status":"closed","template":"","meta":{"footnotes":""},"class_list":["post-1022","page","type-page","status-publish","has-post-thumbnail","hentry","entry","has-media"],"_links":{"self":[{"href":"https:\/\/satulcalinesti.md\/index.php?rest_route=\/wp\/v2\/pages\/1022","targetHints":{"allow":["GET"]}}],"collection":[{"href":"https:\/\/satulcalinesti.md\/index.php?rest_route=\/wp\/v2\/pages"}],"about":[{"href":"https:\/\/satulcalinesti.md\/index.php?rest_route=\/wp\/v2\/types\/page"}],"author":[{"embeddable":true,"href":"https:\/\/satulcalinesti.md\/index.php?rest_route=\/wp\/v2\/users\/2"}],"replies":[{"embeddable":true,"href":"https:\/\/satulcalinesti.md\/index.php?rest_route=%2Fwp%2Fv2%2Fcomments&post=1022"}],"version-history":[{"count":11,"href":"https:\/\/satulcalinesti.md\/index.php?rest_route=\/wp\/v2\/pages\/1022\/revisions"}],"predecessor-version":[{"id":2218,"href":"https:\/\/satulcalinesti.md\/index.php?rest_route=\/wp\/v2\/pages\/1022\/revisions\/2218"}],"wp:featuredmedia":[{"embeddable":true,"href":"https:\/\/satulcalinesti.md\/index.php?rest_route=\/wp\/v2\/media\/1243"}],"wp:attachment":[{"href":"https:\/\/satulcalinesti.md\/index.php?rest_route=%2Fwp%2Fv2%2Fmedia&parent=1022"}],"curies":[{"name":"wp","href":"https:\/\/api.w.org\/{rel}","templated":true}]}}